{"id":11983,"date":"2026-03-31T14:33:12","date_gmt":"2026-03-31T11:33:12","guid":{"rendered":"https:\/\/diderot.ac.ke\/?page_id=11983"},"modified":"2026-04-13T11:21:15","modified_gmt":"2026-04-13T08:21:15","slug":"appel-doffres","status":"publish","type":"page","link":"https:\/\/diderot.ac.ke\/fr\/appel-doffres\/","title":{"rendered":"Appel d&rsquo;offres"},"content":{"rendered":"<div class=\"wpb-content-wrapper\">[vc_row thb_full_width=\u00a0\u00bbtrue\u00a0\u00bb thb_row_padding=\u00a0\u00bbtrue\u00a0\u00bb thb_column_padding=\u00a0\u00bbtrue\u00a0\u00bb css=\u00a0\u00bb.vc_custom_1774956495154{padding-top: 7vh !important;padding-bottom: 7vh !important;background: #94a0ac url(https:\/\/diderot.ac.ke\/wp-content\/uploads\/2026\/03\/Appel-doffres-web-1.png?id=12596) !important;background-position: center !important;background-repeat: no-repeat !important;background-size: cover !important;}\u00a0\u00bb][vc_column][vc_row_inner][vc_column_inner thb_color=\u00a0\u00bbthb-light-column\u00a0\u00bb offset=\u00a0\u00bbvc_col-lg-5 vc_col-md-7&Prime;]\t<div id=\"thb-slidetype-69f46a4f4521c\" class=\"thb-slidetype \" data-style=\"style2\">\n\t\t\n<h1><span class=\"thb-slidetype-entry\"><span class=\"lines\">Appel d'offres<\/span><\/span><\/h1>\n\t\t\t\t<style>\n\t\t\t#thb-slidetype-69f46a4f4521c .thb-slidetype-entry {\n\t\t\t\tcolor: #1E73BE;\n\t\t\t}\n\t\t<\/style>\n\t\t\t<\/div>\n\n\t[vc_empty_space height=\u00a0\u00bb12px\u00a0\u00bb][\/vc_column_inner][\/vc_row_inner][\/vc_column][\/vc_row][vc_row][vc_column][vc_empty_space][\/vc_column][\/vc_row][vc_row][vc_column][vc_custom_heading text=\u00a0\u00bbPrestations d\u2019audit informatique (infrastructure logique et physique)\u00a0\u00bb css=\u00a0\u00bb\u00a0\u00bb][vc_column_text css=\u00a0\u00bb\u00a0\u00bb]\ud83d\udcc5 <strong data-start=\"225\" data-end=\"250\">Date de publication :<\/strong> 10 avril 2026<br data-start=\"264\" data-end=\"267\">\u23f3 <strong data-start=\"269\" data-end=\"300\">Date limite de soumission :<\/strong> 17 avril 2026 \u00e0 17h00 (heure d\u2019Afrique de l\u2019Est \u2013 EAT)<\/p>\n<p data-start=\"435\" data-end=\"577\">Le Lyc\u00e9e Fran\u00e7ais International Denis Diderot de Nairobi lance un appel d\u2019offres pour la r\u00e9alisation de :&nbsp;<\/p>\n<ul>\n<li data-start=\"435\" data-end=\"577\"><strong>audit informatique portant sur les infrastructures logiques et physiques.<\/strong><\/li>\n<\/ul>\n<p data-start=\"841\" data-end=\"1000\">Les prestataires qualifi\u00e9s et exp\u00e9riment\u00e9s sont invit\u00e9s \u00e0 consulter le dossier complet et \u00e0 soumettre leur candidature conform\u00e9ment aux instructions indiqu\u00e9es.<\/p>\n[\/vc_column_text][vc_btn title=\u00a0\u00bbT\u00e9l\u00e9charger le dossier d\u2019appel d\u2019offres\u00a0\u00bb color=\u00a0\u00bbdanger\u00a0\u00bb css=\u00a0\u00bb\u00a0\u00bb link=\u00a0\u00bburl:https%3A%2F%2Fdiderot.ac.ke%2Fwp-content%2Fuploads%2F2026%2F04%2FTENDER-AUDIT-INFORMATIQUE-IT-AUDIT-2.docx.pdf|title:TENDER%20AUDIT%20INFORMATIQUE%20|target:_blank\u00a0\u00bb][vc_empty_space][vc_empty_space][vc_custom_heading text=\u00a0\u00bbPrestations d\u2019audit externe comptable\u00a0\u00bb css=\u00a0\u00bb\u00a0\u00bb][vc_column_text css=\u00a0\u00bb\u00a0\u00bb]\ud83d\udcc5 <strong data-start=\"200\" data-end=\"225\">Date de publication :<\/strong> 10 avril 2025<br data-start=\"239\" data-end=\"242\">\u23f3 <strong data-start=\"244\" data-end=\"275\">Date limite de soumission :<\/strong> 17 avril 2026 \u00e0 17h00 (heure d\u2019Afrique de l\u2019Est \u2013 EAT)<\/p>\n<p data-start=\"435\" data-end=\"577\">Le Lyc\u00e9e Fran\u00e7ais International Denis Diderot de Nairobi lance un appel d\u2019offres pour la r\u00e9alisation de :&nbsp;<\/p>\n<ul>\n<li data-start=\"435\" data-end=\"577\"><strong> prestations d\u2019audit externe comptable.<\/strong><\/li>\n<\/ul>\n<p data-start=\"841\" data-end=\"1000\">Les prestataires qualifi\u00e9s et exp\u00e9riment\u00e9s sont invit\u00e9s \u00e0 consulter le dossier complet et \u00e0 soumettre leur candidature conform\u00e9ment aux instructions indiqu\u00e9es.<\/p>\n[\/vc_column_text][vc_btn title=\u00a0\u00bbT\u00e9l\u00e9charger le dossier d\u2019appel d\u2019offres\u00a0\u00bb color=\u00a0\u00bbdanger\u00a0\u00bb css=\u00a0\u00bb\u00a0\u00bb link=\u00a0\u00bburl:https%3A%2F%2Fdiderot.ac.ke%2Fwp-content%2Fuploads%2F2026%2F04%2FTOR-EXTERNAL-FINANCIAL-AUDIT.pdf|title:Prestations%20d%E2%80%99audit%20externe%20comptable|target:_blank\u00a0\u00bb][vc_empty_space][vc_empty_space][vc_custom_heading text=\u00a0\u00bbPrestations d\u2019audit des actifs, d\u2019\u00e9tiquetage (asset tagging) et d\u2019\u00e9valuation, incluant la mise en place d\u2019un registre des actifs.\u00a0\u00bb css=\u00a0\u00bb\u00a0\u00bb][vc_column_text css=\u00a0\u00bb\u00a0\u00bb]\ud83d\udcc5 <strong data-start=\"94\" data-end=\"139\">Date de publication de l\u2019appel d\u2019offres :<\/strong> <strong>9 avril 2026 \u00e0 12h00<\/strong><br data-start=\"160\" data-end=\"163\">\ud83c\udfeb <strong data-start=\"166\" data-end=\"200\">Visite du site (facultative) :<\/strong> <strong>14 avril 2026<\/strong><br data-start=\"214\" data-end=\"217\" data-is-only-node=\"\">\u23f3 <strong data-start=\"219\" data-end=\"250\">Date limite de soumission :<\/strong> <strong>17 avril 2026 \u00e0 17h00<\/strong><\/p>\n<p data-start=\"213\" data-end=\"312\">Le Lyc\u00e9e Fran\u00e7ais International Denis Diderot de Nairobi lance un appel d\u2019offres dans le cadre de :<\/p>\n<ul>\n<li data-start=\"314\" data-end=\"447\"><strong data-start=\"314\" data-end=\"447\">Prestations d\u2019audit des actifs, d\u2019\u00e9tiquetage (asset tagging) et d\u2019\u00e9valuation, incluant la mise en place d\u2019un registre des actifs.<\/strong><\/li>\n<\/ul>\n<p data-start=\"449\" data-end=\"608\">Les prestataires qualifi\u00e9s et exp\u00e9riment\u00e9s sont invit\u00e9s \u00e0 consulter le dossier complet et \u00e0 soumettre leur candidature conform\u00e9ment aux instructions indiqu\u00e9es.<\/p>\n[\/vc_column_text][vc_btn title=\u00a0\u00bbT\u00e9l\u00e9charger le dossier d\u2019appel d\u2019offres\u00a0\u00bb color=\u00a0\u00bbdanger\u00a0\u00bb css=\u00a0\u00bb\u00a0\u00bb link=\u00a0\u00bburl:https%3A%2F%2Fdiderot.ac.ke%2Fwp-content%2Fuploads%2F2026%2F04%2FPROVISION-OF-ASSET-AUDIT-TAGGING-AND-VALUATION-SERVICES-RFP.docx.pdf|title:Prestations%20d%E2%80%99audit%20des%20actifs%2C%20d%E2%80%99%C3%A9tiquetage%20(asset%20tagging)%20et%20d%E2%80%99%C3%A9valuation%2C%20incluant%20la%20mise%20en%20place%20d%E2%80%99un%20registre%20des%20actifs.|target:_blank\u00a0\u00bb][vc_empty_space][vc_empty_space][vc_row_inner][vc_column_inner][vc_custom_heading text=\u00a0\u00bbAppel d\u2019offres \u2013 Prestations de conseil juridique\u00a0\u00bb css=\u00a0\u00bb\u00a0\u00bb][vc_column_text css=\u00a0\u00bb\u00a0\u00bb]\ud83d\udcc5 <strong>Date de publication : 31 mars 2026<\/strong><br \/>\n\u23f3 <strong>Date limite de soumission : 9 avril 2026<\/strong><\/p>\n<p>Le Lyc\u00e9e Fran\u00e7ais International Denis Diderot de Nairobi lance un appel d\u2019offres dans le cadre :<\/p>\n<ul>\n<li><strong>Prestations de conseil juridique<\/strong>.<\/li>\n<\/ul>\n<p>Les prestataires int\u00e9ress\u00e9s sont invit\u00e9s \u00e0 consulter le dossier complet et \u00e0 soumettre leur candidature conform\u00e9ment aux instructions indiqu\u00e9es.[\/vc_column_text][vc_btn title=\u00a0\u00bbT\u00e9l\u00e9charger le dossier d\u2019appel d\u2019offres\u00a0\u00bb color=\u00a0\u00bbdanger\u00a0\u00bb css=\u00a0\u00bb\u00a0\u00bb link=\u00a0\u00bburl:https%3A%2F%2Fdiderot.ac.ke%2Fwp-content%2Fuploads%2F2026%2F03%2FLegal-Advisory-Services-RFP.docx-1.pdf|title:Prestations%20de%20conseil%20juridique|target:_blank\u00a0\u00bb][\/vc_column_inner][\/vc_row_inner][vc_row_inner][vc_column_inner][\/vc_column_inner][\/vc_row_inner][\/vc_column][\/vc_row]\n<\/div>","protected":false},"excerpt":{"rendered":"<p>[vc_row thb_full_width=\u00a0\u00bbtrue\u00a0\u00bb thb_row_padding=\u00a0\u00bbtrue\u00a0\u00bb thb_column_padding=\u00a0\u00bbtrue\u00a0\u00bb css=\u00a0\u00bb.vc_custom_1774956495154{padding-top: 7vh !important;padding-bottom: 7vh !important;background: #94a0ac url(https:\/\/diderot.ac.ke\/wp-content\/uploads\/2026\/03\/Appel-doffres-web-1.png?id=12596) !important;background-position: center !important;background-repeat: no-repeat !important;background-size: cover !important;}\u00a0\u00bb][vc_column][vc_row_inner][vc_column_inner thb_color=\u00a0\u00bbthb-light-column\u00a0\u00bb offset=\u00a0\u00bbvc_col-lg-5 vc_col-md-7&Prime;][vc_empty_space height=\u00a0\u00bb12px\u00a0\u00bb][\/vc_column_inner][\/vc_row_inner][\/vc_column][\/vc_row][vc_row][vc_column][vc_empty_space][\/vc_column][\/vc_row][vc_row][vc_column][vc_custom_heading text=\u00a0\u00bbPrestations d\u2019audit informatique (infrastructure logique et physique)\u00a0\u00bb css=\u00a0\u00bb\u00a0\u00bb][vc_column_text css=\u00a0\u00bb\u00a0\u00bb]\ud83d\udcc5 Date de publication : 10 avril 2026\u23f3 Date limite de soumission : 17 avril 2026 \u00e0 17h00 (heure d\u2019Afrique de l\u2019Est \u2013 EAT) Le&hellip;<\/p>\n","protected":false},"author":13,"featured_media":0,"parent":0,"menu_order":0,"comment_status":"closed","ping_status":"closed","template":"","meta":{"ngg_post_thumbnail":0,"footnotes":""},"class_list":["post-11983","page","type-page","status-publish","hentry"],"_links":{"self":[{"href":"https:\/\/diderot.ac.ke\/fr\/wp-json\/wp\/v2\/pages\/11983","targetHints":{"allow":["GET"]}}],"collection":[{"href":"https:\/\/diderot.ac.ke\/fr\/wp-json\/wp\/v2\/pages"}],"about":[{"href":"https:\/\/diderot.ac.ke\/fr\/wp-json\/wp\/v2\/types\/page"}],"author":[{"embeddable":true,"href":"https:\/\/diderot.ac.ke\/fr\/wp-json\/wp\/v2\/users\/13"}],"replies":[{"embeddable":true,"href":"https:\/\/diderot.ac.ke\/fr\/wp-json\/wp\/v2\/comments?post=11983"}],"version-history":[{"count":15,"href":"https:\/\/diderot.ac.ke\/fr\/wp-json\/wp\/v2\/pages\/11983\/revisions"}],"predecessor-version":[{"id":12664,"href":"https:\/\/diderot.ac.ke\/fr\/wp-json\/wp\/v2\/pages\/11983\/revisions\/12664"}],"wp:attachment":[{"href":"https:\/\/diderot.ac.ke\/fr\/wp-json\/wp\/v2\/media?parent=11983"}],"curies":[{"name":"wp","href":"https:\/\/api.w.org\/{rel}","templated":true}]}}