{"id":1468,"date":"2022-02-22T04:00:16","date_gmt":"2022-02-22T04:00:16","guid":{"rendered":"http:\/\/diderot.ac.ke\/les-frais-de-scolarite\/"},"modified":"2026-03-24T15:02:59","modified_gmt":"2026-03-24T12:02:59","slug":"les-frais-de-scolarite","status":"publish","type":"page","link":"https:\/\/diderot.ac.ke\/fr\/les-frais-de-scolarite\/","title":{"rendered":"Frais de scolarit\u00e9"},"content":{"rendered":"<div class=\"wpb-content-wrapper\">[vc_row thb_full_width=\u00a0\u00bbtrue\u00a0\u00bb thb_row_padding=\u00a0\u00bbtrue\u00a0\u00bb thb_column_padding=\u00a0\u00bbtrue\u00a0\u00bb css=\u00a0\u00bb.vc_custom_1648667488868{padding-top: 7vh !important;padding-bottom: 7vh !important;background: #94a0ac url(https:\/\/diderot.ac.ke\/wp-content\/uploads\/2022\/03\/bg_registration1.jpg?id=2126) !important;background-position: center !important;background-repeat: no-repeat !important;background-size: cover !important;}\u00a0\u00bb][vc_column][vc_row_inner][vc_column_inner offset=\u00a0\u00bbvc_col-lg-5 vc_col-md-7&Prime;]\t<div id=\"thb-slidetype-69f4071e58b7a\" class=\"thb-slidetype \" data-style=\"style2\">\n\t\t\n<h1><span class=\"thb-slidetype-entry\"><span class=\"lines\">Frais de scolarit\u00e9<\/span><\/span><\/h1>\n\t\t\t<\/div>\n\n\t[vc_empty_space height=\u00a0\u00bb12px\u00a0\u00bb][\/vc_column_inner][\/vc_row_inner][\/vc_column][\/vc_row][vc_section css=\u00a0\u00bb.vc_custom_1645332509712{padding-top: 7vh !important;padding-bottom: 7vh !important;}\u00a0\u00bb][vc_row][vc_column width=\u00a0\u00bb2\/3&Prime;][vc_column_text css=\u00a0\u00bb\u00a0\u00bb animation=\u00a0\u00bbanimation bottom-to-top\u00a0\u00bb]\n<p style=\"text-align: justify;\"><span style=\"font-weight: 400;\">Les frais de scolarit\u00e9 et les frais annexes comprennent:<\/span><\/p>\n<ul style=\"text-align: justify;\">\n<li style=\"font-weight: 400;\" aria-level=\"1\"><b>les frais de 1\u00e8re&nbsp; inscription<\/b><\/li>\n<li style=\"font-weight: 400;\" aria-level=\"1\"><b>les frais li\u00e9s \u00e0 la scolarisation<\/b><span style=\"font-weight: 400;\"> proprement dite de l\u2019\u00e9l\u00e8ve (\u00e9tablis en fonction de la nationalit\u00e9 et de l&rsquo;entit\u00e9 p\u00e9dagogique de l\u2019\u00e9l\u00e8ve). Une participation aux frais de manuels scolaires, de fourniture de fichiers et autres mat\u00e9riels p\u00e9dagogiques sont int\u00e9gr\u00e9s dans les droits annuels de scolarit\u00e9.<\/span><\/li>\n<li style=\"font-weight: 400;\" aria-level=\"1\"><b>les frais d\u2019inscription \u00e0 la section internationale <\/b><span style=\"font-weight: 400;\">(SIB)<\/span><\/li>\n<li style=\"font-weight: 400;\" aria-level=\"1\"><b>les frais d\u2019inscription aux examens<\/b> (DNB, bac 1\u00e8re, bac terminale)<\/li>\n<\/ul>\n[\/vc_column_text][vc_single_image image=\u00a0\u00bb12484&Prime; img_size=\u00a0\u00bblarge\u00a0\u00bb add_caption=\u00a0\u00bbyes\u00a0\u00bb css=\u00a0\u00bb\u00a0\u00bb title=\u00a0\u00bbAnn\u00e9e scolaire 2026-2027&Prime;][vc_single_image image=\u00a0\u00bb12483&Prime; img_size=\u00a0\u00bblarge\u00a0\u00bb add_caption=\u00a0\u00bbyes\u00a0\u00bb css=\u00a0\u00bb\u00a0\u00bb title=\u00a0\u00bbAnn\u00e9e scolaire 2026-2027&Prime;][\/vc_column][vc_column fixed=\u00a0\u00bbthb-fixed\u00a0\u00bb width=\u00a0\u00bb1\/3&Prime;]\t<div class=\"thb_title  style8  text-left\" id=\"thb-title-69f4071e58c1d\">\n\t<div class=\"thb_title_inner\">\n\t\t\t\t\t\t<h2>FRAIS DE SCOLARITE<\/h2>\n\t\t\t\t\t<\/div>\n\t\t\t<\/div>\n\t\t<a class=\"btn-text   style1\" href=\"https:\/\/diderot.ac.ke\/wp-content\/uploads\/2026\/03\/FR_Frais-de-scolarite-et-cantine-2026-27.pdf\" target=\"_blank\" role=\"button\" title=\"2026-2027\">\n\t\t\t\t\t\t\t<span>2026-2027<\/span>\n\t\t\t\t<\/a>\n\n\t[vc_empty_space height=\u00a0\u00bb10px\u00a0\u00bb][\/vc_column][\/vc_row][\/vc_section][vc_section disable_element=\u00a0\u00bbyes\u00a0\u00bb css=\u00a0\u00bb.vc_custom_1645327796540{padding-top: 2vh !important;padding-bottom: 1vh !important;background-color: #d0411f !important;}\u00a0\u00bb][vc_row][vc_column]\t<div id=\"thb-slidetype-69f4071e58d0f\" class=\"thb-slidetype \" data-style=\"style2\">\n\t\t&lt;h4&gt;<span class=\"thb-slidetype-entry\"><span class=\"lines\">Nouvelles et Ev\u00e8nements<\/span><\/span>&lt;\/h4&gt;\t\t\t\t<style>\n\t\t\t#thb-slidetype-69f4071e58d0f .thb-slidetype-entry {\n\t\t\t\tcolor: #ffffff;\n\t\t\t}\n\t\t<\/style>\n\t\t\t<\/div>\n\n\t[\/vc_column][\/vc_row][\/vc_section]\n<\/div>","protected":false},"excerpt":{"rendered":"<p>[vc_row thb_full_width=\u00a0\u00bbtrue\u00a0\u00bb thb_row_padding=\u00a0\u00bbtrue\u00a0\u00bb thb_column_padding=\u00a0\u00bbtrue\u00a0\u00bb css=\u00a0\u00bb.vc_custom_1648667488868{padding-top: 7vh !important;padding-bottom: 7vh !important;background: #94a0ac url(https:\/\/diderot.ac.ke\/wp-content\/uploads\/2022\/03\/bg_registration1.jpg?id=2126) !important;background-position: center !important;background-repeat: no-repeat !important;background-size: cover !important;}\u00a0\u00bb][vc_column][vc_row_inner][vc_column_inner offset=\u00a0\u00bbvc_col-lg-5 vc_col-md-7&Prime;][vc_empty_space height=\u00a0\u00bb12px\u00a0\u00bb][\/vc_column_inner][\/vc_row_inner][\/vc_column][\/vc_row][vc_section css=\u00a0\u00bb.vc_custom_1645332509712{padding-top: 7vh !important;padding-bottom: 7vh !important;}\u00a0\u00bb][vc_row][vc_column width=\u00a0\u00bb2\/3&Prime;][vc_column_text css=\u00a0\u00bb\u00a0\u00bb animation=\u00a0\u00bbanimation bottom-to-top\u00a0\u00bb] Les frais de scolarit\u00e9 et les frais annexes comprennent: les frais de 1\u00e8re&nbsp; inscription les frais li\u00e9s \u00e0 la scolarisation proprement dite de l\u2019\u00e9l\u00e8ve (\u00e9tablis&hellip;<\/p>\n","protected":false},"author":1,"featured_media":0,"parent":0,"menu_order":0,"comment_status":"closed","ping_status":"closed","template":"page-default.php","meta":{"ngg_post_thumbnail":0,"footnotes":""},"class_list":["post-1468","page","type-page","status-publish","hentry"],"_links":{"self":[{"href":"https:\/\/diderot.ac.ke\/fr\/wp-json\/wp\/v2\/pages\/1468","targetHints":{"allow":["GET"]}}],"collection":[{"href":"https:\/\/diderot.ac.ke\/fr\/wp-json\/wp\/v2\/pages"}],"about":[{"href":"https:\/\/diderot.ac.ke\/fr\/wp-json\/wp\/v2\/types\/page"}],"author":[{"embeddable":true,"href":"https:\/\/diderot.ac.ke\/fr\/wp-json\/wp\/v2\/users\/1"}],"replies":[{"embeddable":true,"href":"https:\/\/diderot.ac.ke\/fr\/wp-json\/wp\/v2\/comments?post=1468"}],"version-history":[{"count":51,"href":"https:\/\/diderot.ac.ke\/fr\/wp-json\/wp\/v2\/pages\/1468\/revisions"}],"predecessor-version":[{"id":12487,"href":"https:\/\/diderot.ac.ke\/fr\/wp-json\/wp\/v2\/pages\/1468\/revisions\/12487"}],"wp:attachment":[{"href":"https:\/\/diderot.ac.ke\/fr\/wp-json\/wp\/v2\/media?parent=1468"}],"curies":[{"name":"wp","href":"https:\/\/api.w.org\/{rel}","templated":true}]}}