{"id":1492,"date":"2022-02-22T04:00:20","date_gmt":"2022-02-22T04:00:20","guid":{"rendered":"http:\/\/diderot.ac.ke\/sinscrire\/"},"modified":"2023-04-14T17:51:29","modified_gmt":"2023-04-14T14:51:29","slug":"sinscrireold","status":"publish","type":"page","link":"https:\/\/diderot.ac.ke\/fr\/sinscrireold\/","title":{"rendered":"Formalit\u00e9s d&rsquo;inscription old"},"content":{"rendered":"<div class=\"wpb-content-wrapper\">[vc_row thb_full_width=\u00a0\u00bbtrue\u00a0\u00bb thb_row_padding=\u00a0\u00bbtrue\u00a0\u00bb thb_column_padding=\u00a0\u00bbtrue\u00a0\u00bb css=\u00a0\u00bb.vc_custom_1649020147777{padding-top: 7vh !important;padding-bottom: 7vh !important;background: #94a0ac url(https:\/\/diderot.ac.ke\/wp-content\/uploads\/2022\/04\/bg_registration.jpg?id=2457) !important;background-position: center !important;background-repeat: no-repeat !important;background-size: cover !important;}\u00a0\u00bb][vc_column][vc_row_inner][vc_column_inner thb_color=\u00a0\u00bbthb-light-column\u00a0\u00bb offset=\u00a0\u00bbvc_col-lg-5 vc_col-md-7&Prime;]\t<div id=\"thb-slidetype-69f4e9c4e2a22\" class=\"thb-slidetype \" data-style=\"style2\">\n\t\t\n<h1><span class=\"thb-slidetype-entry\"><span class=\"lines\">Formalit\u00e9s d'inscription<\/span><\/span><\/h1>\n\t\t\t<\/div>\n\n\t[vc_empty_space height=\u00a0\u00bb12px\u00a0\u00bb][vc_column_text animation=\u00a0\u00bbanimation fade-in\u00a0\u00bb]Nous accueillons de nouveaux \u00e9l\u00e8ves en d\u00e9but d\u2019ann\u00e9e scolaire (septembre) mais aussi tout au long de l\u2019ann\u00e9e.[\/vc_column_text][\/vc_column_inner][\/vc_row_inner][\/vc_column][\/vc_row][vc_section css=\u00a0\u00bb.vc_custom_1645332509712{padding-top: 7vh !important;padding-bottom: 7vh !important;}\u00a0\u00bb][vc_row][vc_column width=\u00a0\u00bb2\/3&Prime;][vc_tta_accordion style=\u00a0\u00bbmodern\u00a0\u00bb color=\u00a0\u00bbblue\u00a0\u00bb gap=\u00a0\u00bb15&Prime; c_position=\u00a0\u00bbright\u00a0\u00bb active_section=\u00a0\u00bb\u00a0\u00bb no_fill=\u00a0\u00bbtrue\u00a0\u00bb collapsible_all=\u00a0\u00bbtrue\u00a0\u00bb][vc_tta_section title=\u00a0\u00bbCampagne d&rsquo;inscription 2023-2024&Prime; tab_id=\u00a0\u00bb1649203880953-1d52baab-a969&Prime;][vc_column_text animation=\u00a0\u00bbanimation bottom-to-top\u00a0\u00bb]\n<p align=\"justify\"><span style=\"font-weight: 400;\">Les demandes d\u2019inscription pour 2023-2024 <\/span><b>(nouveaux \u00e9l\u00e8ves) <\/b>se font via le <a href=\"https:\/\/lfddnairobi.eduka.school\/login\" target=\"_blank\" rel=\"noopener\">portail Eduka<\/a>.<\/p>\n[\/vc_column_text][\/vc_tta_section][vc_tta_section title=\u00a0\u00bbInscription en cours d&rsquo;ann\u00e9e 2022-2023&Prime; tab_id=\u00a0\u00bb1649203880973-2e40578f-16a5&Prime;][vc_column_text animation=\u00a0\u00bbanimation bottom-to-top\u00a0\u00bb]\n<p align=\"justify\">Pour une inscription en cours d&rsquo;ann\u00e9e (2022-2023), merci de nous contacter par mail : contact@lyceefrancaisnairobi.com<\/p>\n[\/vc_column_text][\/vc_tta_section][vc_tta_section title=\u00a0\u00bbListe indicative des pi\u00e8ces justificatives\u00a0\u00bb tab_id=\u00a0\u00bb1649204095901-bfea0d9c-d7cd\u00a0\u00bb][vc_column_text animation=\u00a0\u00bbanimation bottom-to-top\u00a0\u00bb]\n<p style=\"text-align: justify;\"><span style=\"font-weight: 400;\">Dans l\u2019onglet \u00ab justificatifs \u00bb de Eduka, il sera indiqu\u00e9 la liste exacte.\u00a0<\/span><\/p>\n<p style=\"text-align: justify;\"><b>El\u00e8ve\u00a0<\/b><\/p>\n<ul>\n<li style=\"list-style-type: none;\">\n<ul style=\"text-align: justify;\">\n<li style=\"font-weight: 400;\" aria-level=\"1\"><span style=\"font-weight: 400;\">Copie du passeport de l&rsquo;\u00e9l\u00e8ve ou de l&rsquo;acte de naissance int\u00e9gral\u00a0<\/span><\/li>\n<li style=\"font-weight: 400;\" aria-level=\"1\"><span style=\"font-weight: 400;\">Copie du carnet de vaccination\u00a0<\/span><\/li>\n<li style=\"font-weight: 400;\" aria-level=\"1\"><span style=\"font-weight: 400;\">Dossier scolaire de l\u2019\u00e9l\u00e8ve du dernier \u00e9tablissement scolaire\u00a0<\/span><\/li>\n<li style=\"font-weight: 400;\" aria-level=\"1\"><span style=\"font-weight: 400;\">Attestation de passage dans la classe demand\u00e9e\u00a0<\/span><\/li>\n<li style=\"font-weight: 400;\" aria-level=\"1\"><span style=\"font-weight: 400;\">Exeat ou certificat de radiation de l\u2019\u00e9tablissement scolaire pr\u00e9c\u00e9dent (si votre enfant a d\u00e9j\u00e0 \u00e9t\u00e9 scolaris\u00e9)<\/span><\/li>\n<li style=\"font-weight: 400;\" aria-level=\"1\"><span style=\"font-weight: 400;\">Certificat de tutorat ou document attestant la garde de l\u2019enfant\u00a0<\/span><\/li>\n<li style=\"font-weight: 400;\" aria-level=\"1\"><span style=\"font-weight: 400;\">Copie du PAI, PAP, PPRE, PPS\u00a0<\/span><\/li>\n<\/ul>\n<\/li>\n<\/ul>\n<p style=\"text-align: justify;\"><b>Responsable<\/b><span style=\"font-weight: 400;\">\u00a0<\/span><\/p>\n<ul>\n<li style=\"list-style-type: none;\">\n<ul style=\"text-align: justify;\">\n<li style=\"font-weight: 400;\" aria-level=\"1\"><span style=\"font-weight: 400;\">Copie du passeport du responsable\u00a0<\/span><\/li>\n<\/ul>\n<\/li>\n<\/ul>\n<p style=\"text-align: justify;\"><b>Famille<\/b><span style=\"font-weight: 400;\">\u00a0<\/span><\/p>\n<ul>\n<li style=\"list-style-type: none;\">\n<ul>\n<li style=\"font-weight: 400; text-align: justify;\" aria-level=\"1\"><span style=\"font-weight: 400;\">Photocopie du livret de famille entier (pour les fran\u00e7ais)\u00a0<\/span><\/li>\n<li style=\"font-weight: 400; text-align: justify;\" aria-level=\"1\"><span style=\"font-weight: 400;\">Attestation de droit \u00e0 l\u2019image<\/span><\/li>\n<\/ul>\n<\/li>\n<\/ul>\n[\/vc_column_text][\/vc_tta_section][\/vc_tta_accordion][\/vc_column][vc_column fixed=\u00a0\u00bbthb-fixed\u00a0\u00bb width=\u00a0\u00bb1\/3&Prime;]\t<div class=\"thb_title  style8  text-left\" id=\"thb-title-69f4e9c4e2ad1\">\n\t<div class=\"thb_title_inner\">\n\t\t\t\t\t\t<h2>INSCRIPTION 2023 - 2024<\/h2>\n\t\t\t\t\t<\/div>\n\t\t\t<\/div>\n\t\t<a class=\"btn-text   style1\" href=\"https:\/\/diderot.ac.ke\/wp-content\/uploads\/2022\/04\/Procedure-dadmission-2022-23.pdf\" target=\"_blank\" role=\"button\" title=\"Proc\u00e9dure d&#039;admission\">\n\t\t\t\t\t\t\t<span>Proc\u00e9dure d&#039;admission<\/span>\n\t\t\t\t<\/a>\n\n\t[vc_empty_space height=\u00a0\u00bb10px\u00a0\u00bb][\/vc_column][\/vc_row][\/vc_section]\n<\/div>","protected":false},"excerpt":{"rendered":"<p>[vc_row thb_full_width=\u00a0\u00bbtrue\u00a0\u00bb thb_row_padding=\u00a0\u00bbtrue\u00a0\u00bb thb_column_padding=\u00a0\u00bbtrue\u00a0\u00bb css=\u00a0\u00bb.vc_custom_1649020147777{padding-top: 7vh !important;padding-bottom: 7vh !important;background: #94a0ac url(https:\/\/diderot.ac.ke\/wp-content\/uploads\/2022\/04\/bg_registration.jpg?id=2457) !important;background-position: center !important;background-repeat: no-repeat !important;background-size: cover !important;}\u00a0\u00bb][vc_column][vc_row_inner][vc_column_inner thb_color=\u00a0\u00bbthb-light-column\u00a0\u00bb offset=\u00a0\u00bbvc_col-lg-5 vc_col-md-7&Prime;][vc_empty_space height=\u00a0\u00bb12px\u00a0\u00bb][vc_column_text animation=\u00a0\u00bbanimation fade-in\u00a0\u00bb]Nous accueillons de nouveaux \u00e9l\u00e8ves en d\u00e9but d\u2019ann\u00e9e scolaire (septembre) mais aussi tout au long de l\u2019ann\u00e9e.[\/vc_column_text][\/vc_column_inner][\/vc_row_inner][\/vc_column][\/vc_row][vc_section css=\u00a0\u00bb.vc_custom_1645332509712{padding-top: 7vh !important;padding-bottom: 7vh !important;}\u00a0\u00bb][vc_row][vc_column width=\u00a0\u00bb2\/3&Prime;][vc_tta_accordion style=\u00a0\u00bbmodern\u00a0\u00bb color=\u00a0\u00bbblue\u00a0\u00bb gap=\u00a0\u00bb15&Prime; c_position=\u00a0\u00bbright\u00a0\u00bb active_section=\u00a0\u00bb\u00a0\u00bb no_fill=\u00a0\u00bbtrue\u00a0\u00bb collapsible_all=\u00a0\u00bbtrue\u00a0\u00bb][vc_tta_section title=\u00a0\u00bbCampagne d&rsquo;inscription&hellip;<\/p>\n","protected":false},"author":1,"featured_media":0,"parent":0,"menu_order":0,"comment_status":"closed","ping_status":"closed","template":"page-default.php","meta":{"ngg_post_thumbnail":0,"footnotes":""},"class_list":["post-1492","page","type-page","status-publish","hentry"],"_links":{"self":[{"href":"https:\/\/diderot.ac.ke\/fr\/wp-json\/wp\/v2\/pages\/1492","targetHints":{"allow":["GET"]}}],"collection":[{"href":"https:\/\/diderot.ac.ke\/fr\/wp-json\/wp\/v2\/pages"}],"about":[{"href":"https:\/\/diderot.ac.ke\/fr\/wp-json\/wp\/v2\/types\/page"}],"author":[{"embeddable":true,"href":"https:\/\/diderot.ac.ke\/fr\/wp-json\/wp\/v2\/users\/1"}],"replies":[{"embeddable":true,"href":"https:\/\/diderot.ac.ke\/fr\/wp-json\/wp\/v2\/comments?post=1492"}],"version-history":[{"count":29,"href":"https:\/\/diderot.ac.ke\/fr\/wp-json\/wp\/v2\/pages\/1492\/revisions"}],"predecessor-version":[{"id":5771,"href":"https:\/\/diderot.ac.ke\/fr\/wp-json\/wp\/v2\/pages\/1492\/revisions\/5771"}],"wp:attachment":[{"href":"https:\/\/diderot.ac.ke\/fr\/wp-json\/wp\/v2\/media?parent=1492"}],"curies":[{"name":"wp","href":"https:\/\/api.w.org\/{rel}","templated":true}]}}