{"id":1593,"date":"2022-02-22T04:06:14","date_gmt":"2022-02-22T04:06:14","guid":{"rendered":"http:\/\/diderot.ac.ke\/le-conseil-dadministration\/"},"modified":"2022-03-28T21:07:44","modified_gmt":"2022-03-28T21:07:44","slug":"le-conseil-dadministration","status":"publish","type":"page","link":"https:\/\/diderot.ac.ke\/fr\/le-conseil-dadministration\/","title":{"rendered":"Le conseil d&rsquo;administration"},"content":{"rendered":"<div class=\"wpb-content-wrapper\">[vc_row thb_full_width=\u00a0\u00bbtrue\u00a0\u00bb thb_row_padding=\u00a0\u00bbtrue\u00a0\u00bb thb_column_padding=\u00a0\u00bbtrue\u00a0\u00bb css=\u00a0\u00bb.vc_custom_1648460264742{padding-top: 7vh !important;padding-bottom: 7vh !important;background: #94a0ac url(https:\/\/diderot.ac.ke\/wp-content\/uploads\/2022\/03\/bg_lfidd.jpg?id=1751) !important;background-position: center !important;background-repeat: no-repeat !important;background-size: cover !important;}\u00a0\u00bb][vc_column][vc_row_inner][vc_column_inner offset=\u00a0\u00bbvc_col-lg-5 vc_col-md-7&Prime;]\t<div id=\"thb-slidetype-69f3a7f938b67\" class=\"thb-slidetype \" data-style=\"style2\">\n\t\t\n<h1><span class=\"thb-slidetype-entry\"><span class=\"lines\">Le conseil d'administration<\/span><\/span><\/h1>\n\t\t\t<\/div>\n\n\t[vc_empty_space height=\u00a0\u00bb12px\u00a0\u00bb][vc_column_text animation=\u00a0\u00bbanimation fade-in\u00a0\u00bb]Le syst\u00e8me scolaire fran\u00e7ais est internationalement reconnu pour ses qualit\u00e9s acad\u00e9miques.[\/vc_column_text][\/vc_column_inner][\/vc_row_inner][\/vc_column][\/vc_row][vc_section css=\u00a0\u00bb.vc_custom_1645332509712{padding-top: 7vh !important;padding-bottom: 7vh !important;}\u00a0\u00bb][vc_row][vc_column width=\u00a0\u00bb2\/3&Prime;]\t<div id=\"thb-image-69f3a7f938c1a\" class=\"caption-style1  alignleft full  thb_image_link wp-caption\">\n\t\t\t<div class=\"thb-image-inner size_100\">\n\t\t\t<img loading=\"lazy\" decoding=\"async\" width=\"1200\" height=\"634\" src=\"data:image\/gif;base64,R0lGODlhAQABAAAAACH5BAEKAAEALAAAAAABAAEAAAICTAEAOw==\" class=\"thb_image   attachment-full thb-lazyload lazyload\" alt=\"\" title=\"Lyce\u0301e-Denis-Diderot-0046\" sizes=\"auto, (max-width: 1200px) 100vw, 1200px\" data-src=\"https:\/\/diderot.ac.ke\/wp-content\/uploads\/2022\/03\/Lyce\u0301e-Denis-Diderot-0046.jpg\" data-sizes=\"auto\" data-srcset=\"https:\/\/diderot.ac.ke\/wp-content\/uploads\/2022\/03\/Lyce\u0301e-Denis-Diderot-0046.jpg 1200w, https:\/\/diderot.ac.ke\/wp-content\/uploads\/2022\/03\/Lyce\u0301e-Denis-Diderot-0046-300x159.jpg 300w, https:\/\/diderot.ac.ke\/wp-content\/uploads\/2022\/03\/Lyce\u0301e-Denis-Diderot-0046-1024x541.jpg 1024w, https:\/\/diderot.ac.ke\/wp-content\/uploads\/2022\/03\/Lyce\u0301e-Denis-Diderot-0046-768x406.jpg 768w, https:\/\/diderot.ac.ke\/wp-content\/uploads\/2022\/03\/Lyce\u0301e-Denis-Diderot-0046-370x195.jpg 370w, https:\/\/diderot.ac.ke\/wp-content\/uploads\/2022\/03\/Lyce\u0301e-Denis-Diderot-0046-800x423.jpg 800w, https:\/\/diderot.ac.ke\/wp-content\/uploads\/2022\/03\/Lyce\u0301e-Denis-Diderot-0046-20x11.jpg 20w, https:\/\/diderot.ac.ke\/wp-content\/uploads\/2022\/03\/Lyce\u0301e-Denis-Diderot-0046-185x98.jpg 185w, https:\/\/diderot.ac.ke\/wp-content\/uploads\/2022\/03\/Lyce\u0301e-Denis-Diderot-0046-740x391.jpg 740w, https:\/\/diderot.ac.ke\/wp-content\/uploads\/2022\/03\/Lyce\u0301e-Denis-Diderot-0046-400x211.jpg 400w, https:\/\/diderot.ac.ke\/wp-content\/uploads\/2022\/03\/Lyce\u0301e-Denis-Diderot-0046-91x48.jpg 91w\" \/>\t\t<\/div>\n\t\t\t\t\t<\/div>\n\t[vc_empty_space]\t<div id=\"thb-accordion-69f3a7f939caf\" class=\"thb-accordion style3 has-accordion\">\n\t\t[vc_tta_section title=\u00a0\u00bbMission\u00a0\u00bb tab_id=\u00a0\u00bb1645346050437-ecff849b-2dee\u00a0\u00bb][vc_column_text animation=\u00a0\u00bbanimation bottom-to-top\u00a0\u00bb]\n<p align=\"justify\">Le conseil d&rsquo;\u00e9tablissement est l&rsquo;organe de d\u00e9cision le plus important de l&rsquo;\u00e9cole pour toutes <strong>les questions p\u00e9dagogiques<\/strong> . Il est obligatoirement consult\u00e9 pour l&rsquo;organisation des cours, la carte scolaire (pour les professeurs expatri\u00e9s et r\u00e9sidents), le calendrier scolaire, le r\u00e8glement int\u00e9rieur, les sorties et voyages scolaires.<\/p>\n<p align=\"justify\">Il se r\u00e9unit au moins trois fois par an.<\/p>\n[\/vc_column_text][\/vc_tta_section][vc_tta_section title=\u00a0\u00bbComposition\u00a0\u00bb tab_id=\u00a0\u00bb1645346050456-62e45777-7220&Prime;][vc_column_text animation=\u00a0\u00bbanimation bottom-to-top\u00a0\u00bb]\n<p align=\"justify\">Sa composition est triple :<\/p>\n<ul>\n<li><strong>5 repr\u00e9sentants de l&rsquo;Administration<\/strong> :\n<ul>\n<li>Conseiller \u00e0 la coop\u00e9ration et \u00e0 l&rsquo;action culturelle<\/li>\n<li>Principal<\/li>\n<li>Directeur principal<\/li>\n<li>Directeur Administratif et Financier<\/li>\n<li>Conseiller principal en \u00e9ducation<\/li>\n<\/ul>\n<\/li>\n<\/ul>\n<ul>\n<li><strong>5 repr\u00e9sentants du personnel<\/strong>\n<ul>\n<li>2 enseignants du secondaire<\/li>\n<li>2 enseignants du primaire<\/li>\n<li>1 personnel non enseignant<\/li>\n<\/ul>\n<\/li>\n<\/ul>\n<ul>\n<li><strong>5 repr\u00e9sentants des utilisateurs<\/strong>\n<ul>\n<li>1 parent \u00e9l\u00e9mentaire<\/li>\n<li>2 parents lyc\u00e9ens<\/li>\n<li>2 lyc\u00e9ens<\/li>\n<\/ul>\n<\/li>\n<\/ul>\n<p>Si\u00e9geant \u00e9galement avec voix consultative :<\/p>\n<ul>\n<li>Le Consul de France ou son repr\u00e9sentant<\/li>\n<li>Conseillers consulaires<\/li>\n<li>D\u00e9l\u00e9gu\u00e9s \u00e0 l&rsquo;Assembl\u00e9e des Fran\u00e7ais de l&rsquo;\u00e9tranger<\/li>\n<li>2 personnalit\u00e9s locales (choisies sur proposition du chef d&rsquo;\u00e9tablissement)<\/li>\n<li>2 repr\u00e9sentants du Conseil d&rsquo;Administration de l&rsquo;APEEE<\/li>\n<li>Le Vice-pr\u00e9sident du Conseil de la Vie Lyc\u00e9enne<\/li>\n<\/ul>\n[\/vc_column_text][\/vc_tta_section][vc_tta_section title=\u00a0\u00bbRepr\u00e9sentants des parents (2019-2020)\u00a0\u00bb tab_id=\u00a0\u00bb1645346151985-7275390e-bb3e\u00a0\u00bb][vc_column_text animation=\u00a0\u00bbanimation bottom-to-top\u00a0\u00bb]\n<ul>\n<li>Farah Bhanji<\/li>\n<li>C\u00e9cile Moll\u00e9<\/li>\n<li>Christine COVILLE<\/li>\n<\/ul>\n[\/vc_column_text][\/vc_tta_section]\t<\/div>\n\t[\/vc_column][vc_column fixed=\u00a0\u00bbthb-fixed\u00a0\u00bb width=\u00a0\u00bb1\/3&Prime;][vc_widget_sidebar sidebar_id=\u00a0\u00bbpage\u00a0\u00bb][\/vc_column][\/vc_row][\/vc_section]\n<\/div>","protected":false},"excerpt":{"rendered":"<p>[vc_row thb_full_width=\u00a0\u00bbtrue\u00a0\u00bb thb_row_padding=\u00a0\u00bbtrue\u00a0\u00bb thb_column_padding=\u00a0\u00bbtrue\u00a0\u00bb css=\u00a0\u00bb.vc_custom_1648460264742{padding-top: 7vh !important;padding-bottom: 7vh !important;background: #94a0ac url(https:\/\/diderot.ac.ke\/wp-content\/uploads\/2022\/03\/bg_lfidd.jpg?id=1751) !important;background-position: center !important;background-repeat: no-repeat !important;background-size: cover !important;}\u00a0\u00bb][vc_column][vc_row_inner][vc_column_inner offset=\u00a0\u00bbvc_col-lg-5 vc_col-md-7&Prime;][vc_empty_space height=\u00a0\u00bb12px\u00a0\u00bb][vc_column_text animation=\u00a0\u00bbanimation fade-in\u00a0\u00bb]Le syst\u00e8me scolaire fran\u00e7ais est internationalement reconnu pour ses qualit\u00e9s acad\u00e9miques.[\/vc_column_text][\/vc_column_inner][\/vc_row_inner][\/vc_column][\/vc_row][vc_section css=\u00a0\u00bb.vc_custom_1645332509712{padding-top: 7vh !important;padding-bottom: 7vh !important;}\u00a0\u00bb][vc_row][vc_column width=\u00a0\u00bb2\/3&Prime;][vc_empty_space][\/vc_column][vc_column fixed=\u00a0\u00bbthb-fixed\u00a0\u00bb width=\u00a0\u00bb1\/3&Prime;][vc_widget_sidebar sidebar_id=\u00a0\u00bbpage\u00a0\u00bb][\/vc_column][\/vc_row][\/vc_section]<\/p>\n","protected":false},"author":1,"featured_media":0,"parent":0,"menu_order":0,"comment_status":"closed","ping_status":"closed","template":"page-default.php","meta":{"ngg_post_thumbnail":0,"footnotes":""},"class_list":["post-1593","page","type-page","status-publish","hentry"],"_links":{"self":[{"href":"https:\/\/diderot.ac.ke\/fr\/wp-json\/wp\/v2\/pages\/1593","targetHints":{"allow":["GET"]}}],"collection":[{"href":"https:\/\/diderot.ac.ke\/fr\/wp-json\/wp\/v2\/pages"}],"about":[{"href":"https:\/\/diderot.ac.ke\/fr\/wp-json\/wp\/v2\/types\/page"}],"author":[{"embeddable":true,"href":"https:\/\/diderot.ac.ke\/fr\/wp-json\/wp\/v2\/users\/1"}],"replies":[{"embeddable":true,"href":"https:\/\/diderot.ac.ke\/fr\/wp-json\/wp\/v2\/comments?post=1593"}],"version-history":[{"count":8,"href":"https:\/\/diderot.ac.ke\/fr\/wp-json\/wp\/v2\/pages\/1593\/revisions"}],"predecessor-version":[{"id":2042,"href":"https:\/\/diderot.ac.ke\/fr\/wp-json\/wp\/v2\/pages\/1593\/revisions\/2042"}],"wp:attachment":[{"href":"https:\/\/diderot.ac.ke\/fr\/wp-json\/wp\/v2\/media?parent=1593"}],"curies":[{"name":"wp","href":"https:\/\/api.w.org\/{rel}","templated":true}]}}