{"id":2877,"date":"2022-04-08T08:11:36","date_gmt":"2022-04-08T08:11:36","guid":{"rendered":"http:\/\/diderot.ac.ke\/conseil-de-lecole-primaire\/"},"modified":"2024-06-12T17:19:33","modified_gmt":"2024-06-12T14:19:33","slug":"conseil-de-lecole-primaire","status":"publish","type":"page","link":"https:\/\/diderot.ac.ke\/fr\/conseil-de-lecole-primaire\/","title":{"rendered":"Conseil d&rsquo;\u00e9cole (primaire)"},"content":{"rendered":"<div class=\"wpb-content-wrapper\">[vc_row thb_full_width=\u00a0\u00bbtrue\u00a0\u00bb thb_row_padding=\u00a0\u00bbtrue\u00a0\u00bb thb_column_padding=\u00a0\u00bbtrue\u00a0\u00bb css=\u00a0\u00bb.vc_custom_1649014824983{padding-top: 7vh !important;padding-bottom: 7vh !important;background: #94a0ac url(https:\/\/diderot.ac.ke\/wp-content\/uploads\/2022\/04\/bg_primary.jpg?id=2411) !important;background-position: center !important;background-repeat: no-repeat !important;background-size: cover !important;}\u00a0\u00bb][vc_column][vc_row_inner][vc_column_inner thb_color=\u00a0\u00bbthb-light-column\u00a0\u00bb offset=\u00a0\u00bbvc_col-lg-5 vc_col-md-7&Prime;]\t<div id=\"thb-slidetype-69f3c15698bf1\" class=\"thb-slidetype \" data-style=\"style2\">\n\t\t\n<h1><span class=\"thb-slidetype-entry\"><span class=\"lines\">Le conseil d'\u00e9cole (primaire)<\/span><\/span><\/h1>\n\t\t\t<\/div>\n\n\t[vc_empty_space height=\u00a0\u00bb12px\u00a0\u00bb][vc_column_text animation=\u00a0\u00bbanimation fade-in\u00a0\u00bb][\/vc_column_text][\/vc_column_inner][\/vc_row_inner][\/vc_column][\/vc_row][vc_section css=\u00a0\u00bb.vc_custom_1645332509712{padding-top: 7vh !important;padding-bottom: 7vh !important;}\u00a0\u00bb][vc_row][vc_column width=\u00a0\u00bb2\/3&Prime;][vc_tta_accordion style=\u00a0\u00bbmodern\u00a0\u00bb color=\u00a0\u00bbblue\u00a0\u00bb gap=\u00a0\u00bb15&Prime; c_position=\u00a0\u00bbright\u00a0\u00bb active_section=\u00a0\u00bb\u00a0\u00bb no_fill=\u00a0\u00bbtrue\u00a0\u00bb collapsible_all=\u00a0\u00bbtrue\u00a0\u00bb][vc_tta_section title=\u00a0\u00bbMission\u00a0\u00bb tab_id=\u00a0\u00bb1649520914712-40d5b19b-41b9&Prime;][vc_column_text animation=\u00a0\u00bbanimation bottom-to-top\u00a0\u00bb]Le conseil d&rsquo;\u00e9cole se r\u00e9unit au moins 3 fois par an et est comp\u00e9tent, <b>pour l&rsquo;enseignement primaire<\/b> , sur les mati\u00e8res suivantes : activit\u00e9s p\u00e9riscolaires, s\u00e9curit\u00e9, r\u00e8glement int\u00e9rieur, horaires, projet d&rsquo;\u00e9cole.[\/vc_column_text][\/vc_tta_section][vc_tta_section title=\u00a0\u00bbComposition\u00a0\u00bb tab_id=\u00a0\u00bb1649520914727-ea6b1863-9af0&Prime;][vc_column_text animation=\u00a0\u00bbanimation bottom-to-top\u00a0\u00bb]Il s&rsquo;agit d&rsquo;une commission bipartite dans laquelle si\u00e8gent :<\/p>\n<ul>\n<li aria-level=\"1\">Avec vote d\u00e9lib\u00e9ratif :\n<ul>\n<li aria-level=\"2\"><b>Le directeur du primaire<\/b>, pr\u00e9sident du conseil d&rsquo;\u00e9cole<\/li>\n<li aria-level=\"2\"><b>15 enseignants<\/b> (1 enseignant par classe primaire)<\/li>\n<li aria-level=\"2\"><b>15 parents<\/b> (1 parent par classe primaire)<\/li>\n<\/ul>\n<\/li>\n<\/ul>\n<ul>\n<li aria-level=\"1\">Sans voix d\u00e9lib\u00e9rative :\n<ul>\n<li aria-level=\"2\">Le Conseiller de Coop\u00e9ration et d&rsquo;Action Culturelle<\/li>\n<li aria-level=\"2\">L&rsquo;inspecteur r\u00e9gional de l&rsquo;\u00e9ducation nationale<\/li>\n<li aria-level=\"2\">Le Proviseur &#8211; chef d&rsquo;\u00e9tablissement<\/li>\n<li aria-level=\"2\">Le Directeur Administratif et Financier<\/li>\n<\/ul>\n<\/li>\n<\/ul>\n[\/vc_column_text][\/vc_tta_section][vc_tta_section title=\u00a0\u00bbLes repr\u00e9sentants des parents\u00a0\u00bb tab_id=\u00a0\u00bb1649521010874-60be7caf-bbc2&Prime;][vc_column_text animation=\u00a0\u00bbanimation bottom-to-top\u00a0\u00bb][\/vc_column_text][\/vc_tta_section][\/vc_tta_accordion]\t<div id=\"thb-image-69f3c15698d4c\" class=\"caption-style1  alignleft full  thb_image_link wp-caption\">\n\t\t\t<div class=\"thb-image-inner size_100\">\n\t\t\t<img loading=\"lazy\" decoding=\"async\" width=\"1200\" height=\"593\" src=\"data:image\/gif;base64,R0lGODlhAQABAAAAACH5BAEKAAEALAAAAAABAAEAAAICTAEAOw==\" class=\"thb_image   attachment-full thb-lazyload lazyload\" alt=\"\" title=\"Lyce\u0301e-Denis-Diderot-0040\" sizes=\"auto, (max-width: 1200px) 100vw, 1200px\" data-src=\"https:\/\/diderot.ac.ke\/wp-content\/uploads\/2022\/03\/Lyce\u0301e-Denis-Diderot-0040.jpg\" data-sizes=\"auto\" data-srcset=\"https:\/\/diderot.ac.ke\/wp-content\/uploads\/2022\/03\/Lyce\u0301e-Denis-Diderot-0040.jpg 1200w, https:\/\/diderot.ac.ke\/wp-content\/uploads\/2022\/03\/Lyce\u0301e-Denis-Diderot-0040-300x148.jpg 300w, https:\/\/diderot.ac.ke\/wp-content\/uploads\/2022\/03\/Lyce\u0301e-Denis-Diderot-0040-1024x506.jpg 1024w, https:\/\/diderot.ac.ke\/wp-content\/uploads\/2022\/03\/Lyce\u0301e-Denis-Diderot-0040-768x380.jpg 768w, https:\/\/diderot.ac.ke\/wp-content\/uploads\/2022\/03\/Lyce\u0301e-Denis-Diderot-0040-370x183.jpg 370w, https:\/\/diderot.ac.ke\/wp-content\/uploads\/2022\/03\/Lyce\u0301e-Denis-Diderot-0040-800x395.jpg 800w, https:\/\/diderot.ac.ke\/wp-content\/uploads\/2022\/03\/Lyce\u0301e-Denis-Diderot-0040-185x91.jpg 185w, https:\/\/diderot.ac.ke\/wp-content\/uploads\/2022\/03\/Lyce\u0301e-Denis-Diderot-0040-740x366.jpg 740w, https:\/\/diderot.ac.ke\/wp-content\/uploads\/2022\/03\/Lyce\u0301e-Denis-Diderot-0040-20x10.jpg 20w, https:\/\/diderot.ac.ke\/wp-content\/uploads\/2022\/03\/Lyce\u0301e-Denis-Diderot-0040-400x198.jpg 400w, https:\/\/diderot.ac.ke\/wp-content\/uploads\/2022\/03\/Lyce\u0301e-Denis-Diderot-0040-97x48.jpg 97w\" \/>\t\t<\/div>\n\t\t\t\t\t<\/div>\n\t[\/vc_column][vc_column fixed=\u00a0\u00bbthb-fixed\u00a0\u00bb width=\u00a0\u00bb1\/3&Prime;][vc_column_text]Acc\u00e9der aux comptes rendus dans le r\u00e9pertoire documents sur <a href=\"https:\/\/lfddnairobi.eduka.school\/\" target=\"_blank\" rel=\"noopener\">Eduka<\/a>[\/vc_column_text]\t<div class=\"thb_title  style8  text-left\" id=\"thb-title-69f3c1569a139\">\n\t<div class=\"thb_title_inner\">\n\t\t\t\t\t\t<h2>PV CONSEIL D'ECOLE<\/h2>\n\t\t\t\t\t<\/div>\n\t\t\t<\/div>\n\t[vc_empty_space height=\u00a0\u00bb7px\u00a0\u00bb][\/vc_column][\/vc_row][\/vc_section]\n<\/div>","protected":false},"excerpt":{"rendered":"<p>[vc_row thb_full_width=\u00a0\u00bbtrue\u00a0\u00bb thb_row_padding=\u00a0\u00bbtrue\u00a0\u00bb thb_column_padding=\u00a0\u00bbtrue\u00a0\u00bb css=\u00a0\u00bb.vc_custom_1649014824983{padding-top: 7vh !important;padding-bottom: 7vh !important;background: #94a0ac url(https:\/\/diderot.ac.ke\/wp-content\/uploads\/2022\/04\/bg_primary.jpg?id=2411) !important;background-position: center !important;background-repeat: no-repeat !important;background-size: cover !important;}\u00a0\u00bb][vc_column][vc_row_inner][vc_column_inner thb_color=\u00a0\u00bbthb-light-column\u00a0\u00bb offset=\u00a0\u00bbvc_col-lg-5 vc_col-md-7&Prime;][vc_empty_space height=\u00a0\u00bb12px\u00a0\u00bb][vc_column_text animation=\u00a0\u00bbanimation fade-in\u00a0\u00bb][\/vc_column_text][\/vc_column_inner][\/vc_row_inner][\/vc_column][\/vc_row][vc_section css=\u00a0\u00bb.vc_custom_1645332509712{padding-top: 7vh !important;padding-bottom: 7vh !important;}\u00a0\u00bb][vc_row][vc_column width=\u00a0\u00bb2\/3&Prime;][vc_tta_accordion style=\u00a0\u00bbmodern\u00a0\u00bb color=\u00a0\u00bbblue\u00a0\u00bb gap=\u00a0\u00bb15&Prime; c_position=\u00a0\u00bbright\u00a0\u00bb active_section=\u00a0\u00bb\u00a0\u00bb no_fill=\u00a0\u00bbtrue\u00a0\u00bb collapsible_all=\u00a0\u00bbtrue\u00a0\u00bb][vc_tta_section title=\u00a0\u00bbMission\u00a0\u00bb tab_id=\u00a0\u00bb1649520914712-40d5b19b-41b9&Prime;][vc_column_text animation=\u00a0\u00bbanimation bottom-to-top\u00a0\u00bb]Le conseil d&rsquo;\u00e9cole se r\u00e9unit au moins 3 fois par an et est comp\u00e9tent, pour&hellip;<\/p>\n","protected":false},"author":1,"featured_media":0,"parent":0,"menu_order":0,"comment_status":"closed","ping_status":"closed","template":"page-default.php","meta":{"ngg_post_thumbnail":0,"footnotes":""},"class_list":["post-2877","page","type-page","status-publish","hentry"],"_links":{"self":[{"href":"https:\/\/diderot.ac.ke\/fr\/wp-json\/wp\/v2\/pages\/2877","targetHints":{"allow":["GET"]}}],"collection":[{"href":"https:\/\/diderot.ac.ke\/fr\/wp-json\/wp\/v2\/pages"}],"about":[{"href":"https:\/\/diderot.ac.ke\/fr\/wp-json\/wp\/v2\/types\/page"}],"author":[{"embeddable":true,"href":"https:\/\/diderot.ac.ke\/fr\/wp-json\/wp\/v2\/users\/1"}],"replies":[{"embeddable":true,"href":"https:\/\/diderot.ac.ke\/fr\/wp-json\/wp\/v2\/comments?post=2877"}],"version-history":[{"count":24,"href":"https:\/\/diderot.ac.ke\/fr\/wp-json\/wp\/v2\/pages\/2877\/revisions"}],"predecessor-version":[{"id":7973,"href":"https:\/\/diderot.ac.ke\/fr\/wp-json\/wp\/v2\/pages\/2877\/revisions\/7973"}],"wp:attachment":[{"href":"https:\/\/diderot.ac.ke\/fr\/wp-json\/wp\/v2\/media?parent=2877"}],"curies":[{"name":"wp","href":"https:\/\/api.w.org\/{rel}","templated":true}]}}