{"id":2927,"date":"2022-04-08T08:23:43","date_gmt":"2022-04-08T05:23:43","guid":{"rendered":"http:\/\/diderot.ac.ke\/radio-web\/"},"modified":"2022-12-07T09:19:51","modified_gmt":"2022-12-07T06:19:51","slug":"radio-web","status":"publish","type":"page","link":"https:\/\/diderot.ac.ke\/fr\/radio-web\/","title":{"rendered":"Web Radio0"},"content":{"rendered":"<div class=\"wpb-content-wrapper\">[vc_row thb_full_width=\u00a0\u00bbtrue\u00a0\u00bb thb_row_padding=\u00a0\u00bbtrue\u00a0\u00bb thb_column_padding=\u00a0\u00bbtrue\u00a0\u00bb css=\u00a0\u00bb.vc_custom_1649018294996{padding-top: 7vh !important;padding-bottom: 7vh !important;background: #94a0ac url(https:\/\/diderot.ac.ke\/wp-content\/uploads\/2022\/04\/bg_radio1.jpg?id=2442) !important;background-position: center !important;background-repeat: no-repeat !important;background-size: cover !important;}\u00a0\u00bb][vc_column][vc_row_inner][vc_column_inner thb_color=\u00a0\u00bbthb-light-column\u00a0\u00bb offset=\u00a0\u00bbvc_col-lg-5 vc_col-md-7&Prime;]\t<div id=\"thb-slidetype-69f3cf04015d4\" class=\"thb-slidetype \" data-style=\"style2\">\n\t\t\n<h1><span class=\"thb-slidetype-entry\"><span class=\"lines\">Radio Web<\/span><\/span><\/h1>\n\t\t\t<\/div>\n\n\t[vc_empty_space height=\u00a0\u00bb12px\u00a0\u00bb][vc_column_text animation=\u00a0\u00bbanimation fade-in\u00a0\u00bb]Bienvenue sur Fr\u00e9quence Diderot, la webradio du Lyc\u00e9e Fran\u00e7ais Denis Diderot.<br \/>\n[\/vc_column_text][\/vc_column_inner][\/vc_row_inner][\/vc_column][\/vc_row][vc_section css=\u00a0\u00bb.vc_custom_1645332509712{padding-top: 7vh !important;padding-bottom: 7vh !important;}\u00a0\u00bb][vc_row][vc_column width=\u00a0\u00bb2\/3&Prime;][vc_column_text animation=\u00a0\u00bbanimation bottom-to-top\u00a0\u00bb]Les \u00e9l\u00e8ves du primaire, du coll\u00e8ge et du lyc\u00e9e se transforment en reporters en herbe et vous proposent de suivre leurs aventures tout au long de l&rsquo;ann\u00e9e.<br \/>\n[\/vc_column_text]\t<div id=\"thb-image-slider-168\" class=\"thb-image-slider thb-carousel row mfp-gallery   thb_equal_height\" data-pagination=\"true\" data-center=\"\" data-columns=\"1\" data-infinite=\"true\" data-autoplay=\"true\" data-autoplay-speed=\"4000\">\n\t\t\t\t\t\t<figure class=\"columns\">\n\t\t\t\t\t\t\t\t\t\t<a href=\"https:\/\/diderot.ac.ke\/wp-content\/uploads\/2022\/03\/Lyce\u0301e-Denis-Diderot-0029.jpg\">\n\t\t\t\t\t\t\t\t\t<img loading=\"lazy\" decoding=\"async\" width=\"1200\" height=\"800\" src=\"https:\/\/diderot.ac.ke\/wp-content\/uploads\/2022\/03\/Lyce\u0301e-Denis-Diderot-0029.jpg\" class=\"attachment- size- thb-ignore-lazyload thb-lazyload lazyload\" alt=\"\" sizes=\"auto, (max-width: 1200px) 100vw, 1200px\" data-src=\"https:\/\/diderot.ac.ke\/wp-content\/uploads\/2022\/03\/Lyce\u0301e-Denis-Diderot-0029.jpg\" data-sizes=\"auto\" data-srcset=\"https:\/\/diderot.ac.ke\/wp-content\/uploads\/2022\/03\/Lyce\u0301e-Denis-Diderot-0029.jpg 1200w, https:\/\/diderot.ac.ke\/wp-content\/uploads\/2022\/03\/Lyce\u0301e-Denis-Diderot-0029-300x200.jpg 300w, https:\/\/diderot.ac.ke\/wp-content\/uploads\/2022\/03\/Lyce\u0301e-Denis-Diderot-0029-1024x683.jpg 1024w, https:\/\/diderot.ac.ke\/wp-content\/uploads\/2022\/03\/Lyce\u0301e-Denis-Diderot-0029-768x512.jpg 768w, https:\/\/diderot.ac.ke\/wp-content\/uploads\/2022\/03\/Lyce\u0301e-Denis-Diderot-0029-370x247.jpg 370w, https:\/\/diderot.ac.ke\/wp-content\/uploads\/2022\/03\/Lyce\u0301e-Denis-Diderot-0029-800x533.jpg 800w, https:\/\/diderot.ac.ke\/wp-content\/uploads\/2022\/03\/Lyce\u0301e-Denis-Diderot-0029-20x13.jpg 20w, https:\/\/diderot.ac.ke\/wp-content\/uploads\/2022\/03\/Lyce\u0301e-Denis-Diderot-0029-185x123.jpg 185w, https:\/\/diderot.ac.ke\/wp-content\/uploads\/2022\/03\/Lyce\u0301e-Denis-Diderot-0029-740x493.jpg 740w, https:\/\/diderot.ac.ke\/wp-content\/uploads\/2022\/03\/Lyce\u0301e-Denis-Diderot-0029-400x267.jpg 400w, https:\/\/diderot.ac.ke\/wp-content\/uploads\/2022\/03\/Lyce\u0301e-Denis-Diderot-0029-72x48.jpg 72w\" \/>\t\t\t\t\t\t\t\t\t\t\t<\/a>\n\t\t\t\t\t\t\t\t\t<\/figure>\n\t\t\t\t\t\t\t\t<figure class=\"columns\">\n\t\t\t\t\t\t\t\t\t\t<a href=\"https:\/\/diderot.ac.ke\/wp-content\/uploads\/2022\/03\/Lyce\u0301e-Denis-Diderot-0030.jpg\">\n\t\t\t\t\t\t\t\t\t<img loading=\"lazy\" decoding=\"async\" width=\"1200\" height=\"800\" src=\"https:\/\/diderot.ac.ke\/wp-content\/uploads\/2022\/03\/Lyce\u0301e-Denis-Diderot-0030.jpg\" class=\"attachment- size- thb-ignore-lazyload thb-lazyload lazyload\" alt=\"\" sizes=\"auto, (max-width: 1200px) 100vw, 1200px\" data-src=\"https:\/\/diderot.ac.ke\/wp-content\/uploads\/2022\/03\/Lyce\u0301e-Denis-Diderot-0030.jpg\" data-sizes=\"auto\" data-srcset=\"https:\/\/diderot.ac.ke\/wp-content\/uploads\/2022\/03\/Lyce\u0301e-Denis-Diderot-0030.jpg 1200w, https:\/\/diderot.ac.ke\/wp-content\/uploads\/2022\/03\/Lyce\u0301e-Denis-Diderot-0030-300x200.jpg 300w, https:\/\/diderot.ac.ke\/wp-content\/uploads\/2022\/03\/Lyce\u0301e-Denis-Diderot-0030-1024x683.jpg 1024w, https:\/\/diderot.ac.ke\/wp-content\/uploads\/2022\/03\/Lyce\u0301e-Denis-Diderot-0030-768x512.jpg 768w, https:\/\/diderot.ac.ke\/wp-content\/uploads\/2022\/03\/Lyce\u0301e-Denis-Diderot-0030-370x247.jpg 370w, https:\/\/diderot.ac.ke\/wp-content\/uploads\/2022\/03\/Lyce\u0301e-Denis-Diderot-0030-800x533.jpg 800w, https:\/\/diderot.ac.ke\/wp-content\/uploads\/2022\/03\/Lyce\u0301e-Denis-Diderot-0030-20x13.jpg 20w, https:\/\/diderot.ac.ke\/wp-content\/uploads\/2022\/03\/Lyce\u0301e-Denis-Diderot-0030-185x123.jpg 185w, https:\/\/diderot.ac.ke\/wp-content\/uploads\/2022\/03\/Lyce\u0301e-Denis-Diderot-0030-740x493.jpg 740w, https:\/\/diderot.ac.ke\/wp-content\/uploads\/2022\/03\/Lyce\u0301e-Denis-Diderot-0030-400x267.jpg 400w, https:\/\/diderot.ac.ke\/wp-content\/uploads\/2022\/03\/Lyce\u0301e-Denis-Diderot-0030-72x48.jpg 72w\" \/>\t\t\t\t\t\t\t\t\t\t\t<\/a>\n\t\t\t\t\t\t\t\t\t<\/figure>\n\t\t\t\t\t<\/div>\n\t\t<div id=\"thb-slidetype-69f3cf04027e3\" class=\"thb-slidetype about-title\" data-style=\"style2\">\n\t\t\n<h2><span class=\"thb-slidetype-entry\"><span class=\"lines\">Podcasts du primaire<\/span><\/span><\/h2>\n\t\t\t<\/div>\n\n\t[vc_tta_accordion style=\u00a0\u00bbmodern\u00a0\u00bb color=\u00a0\u00bbblue\u00a0\u00bb spacing=\u00a0\u00bb15&Prime; c_position=\u00a0\u00bbright\u00a0\u00bb active_section=\u00a0\u00bb1&Prime; no_fill=\u00a0\u00bbtrue\u00a0\u00bb collapsible_all=\u00a0\u00bbtrue\u00a0\u00bb][vc_tta_section title=\u00a0\u00bbPodcasts 2022-2023&Prime; tab_id=\u00a0\u00bb1669041344425-81d5383a-3034&Prime;][vc_column_text]<strong>Les r\u00eaves des CM2B<\/strong> &#8211; \u00e9crits pour le projet La grande lessive 2022, \u00ab La couleur de mes r\u00eaves\u00a0\u00bb<\/p>\n<div class=\"wp-playlist wp-audio-playlist wp-playlist-light\">\n\t\t\t<div class=\"wp-playlist-current-item\"><\/div>\n\t\t<audio controls=\"controls\" preload=\"none\" width=\"1148\"\n\t\t\t><\/audio>\n\t<div class=\"wp-playlist-next\"><\/div>\n\t<div class=\"wp-playlist-prev\"><\/div>\n\t<noscript>\n\t<ol>\n\t\t<li><a href='https:\/\/diderot.ac.ke\/wp-content\/uploads\/2022\/11\/La-couleur-de-mes-reves-CM2B-episode1.mp3'>La couleur de mes r\u00eaves - Ep1<\/a><\/li><li><a href='https:\/\/diderot.ac.ke\/wp-content\/uploads\/2022\/12\/La-couleur-de-mes-reves-CM2B-Ep2.mp3'>La couleur de mes r\u00eaves - Ep2<\/a><\/li><li><a href='https:\/\/diderot.ac.ke\/wp-content\/uploads\/2022\/12\/La-couleur-de-mes-reves-CM2B-Ep3.mp3'>La couleur de mes r\u00eaves - Ep3<\/a><\/li>\t<\/ol>\n\t<\/noscript>\n\t<script type=\"application\/json\" class=\"wp-playlist-script\">{\"type\":\"audio\",\"tracklist\":true,\"tracknumbers\":true,\"images\":true,\"artists\":true,\"tracks\":[{\"src\":\"https:\/\/diderot.ac.ke\/wp-content\/uploads\/2022\/11\/La-couleur-de-mes-reves-CM2B-episode1.mp3\",\"type\":\"audio\/mpeg\",\"title\":\"La couleur de mes r\\u00eaves - Ep1\",\"caption\":\"\",\"description\":\"La couleur de mes r\\u00eaves CM2B - episode1.\",\"meta\":{\"length_formatted\":\"2:54\"},\"image\":{\"src\":\"https:\/\/diderot.ac.ke\/wp-content\/uploads\/2022\/11\/podcast-CM2.jpg\",\"width\":240,\"height\":320},\"thumb\":{\"src\":\"https:\/\/diderot.ac.ke\/wp-content\/uploads\/2022\/11\/podcast-CM2-150x150.jpg\",\"width\":150,\"height\":150}},{\"src\":\"https:\/\/diderot.ac.ke\/wp-content\/uploads\/2022\/12\/La-couleur-de-mes-reves-CM2B-Ep2.mp3\",\"type\":\"audio\/mpeg\",\"title\":\"La couleur de mes r\\u00eaves - Ep2\",\"caption\":\"\",\"description\":\"\\\"La-couleur-de-mes-reves-CM2B-Ep2\\\".\",\"meta\":{\"length_formatted\":\"6:54\"},\"image\":{\"src\":\"https:\/\/diderot.ac.ke\/wp-content\/uploads\/2022\/11\/podcast-CM2.jpg\",\"width\":240,\"height\":320},\"thumb\":{\"src\":\"https:\/\/diderot.ac.ke\/wp-content\/uploads\/2022\/11\/podcast-CM2-150x150.jpg\",\"width\":150,\"height\":150}},{\"src\":\"https:\/\/diderot.ac.ke\/wp-content\/uploads\/2022\/12\/La-couleur-de-mes-reves-CM2B-Ep3.mp3\",\"type\":\"audio\/mpeg\",\"title\":\"La couleur de mes r\\u00eaves - Ep3\",\"caption\":\"\",\"description\":\"\\\"La-couleur-de-mes-reves-CM2B-Ep3\\\".\",\"meta\":{\"length_formatted\":\"2:09\"},\"image\":{\"src\":\"https:\/\/diderot.ac.ke\/wp-content\/uploads\/2022\/11\/podcast-CM2.jpg\",\"width\":240,\"height\":320},\"thumb\":{\"src\":\"https:\/\/diderot.ac.ke\/wp-content\/uploads\/2022\/11\/podcast-CM2-150x150.jpg\",\"width\":150,\"height\":150}}]}<\/script>\n<\/div>\n\t\n<p><strong>Nouveaux podcasts des \u00e9l\u00e8ves de CM1B<\/strong><\/p>\n<div class=\"wp-playlist wp-audio-playlist wp-playlist-light\">\n\t\t\t<div class=\"wp-playlist-current-item\"><\/div>\n\t\t<audio controls=\"controls\" preload=\"none\" width=\"1148\"\n\t\t\t><\/audio>\n\t<div class=\"wp-playlist-next\"><\/div>\n\t<div class=\"wp-playlist-prev\"><\/div>\n\t<noscript>\n\t<ol>\n\t\t<li><a href='https:\/\/diderot.ac.ke\/wp-content\/uploads\/2022\/11\/22-VALENTINO-JOSHUA-ISKY.mp3'>VALENTINO JOSHUA ISKY<\/a><\/li><li><a href='https:\/\/diderot.ac.ke\/wp-content\/uploads\/2022\/11\/12-MAIA-GIANNA-AICHA.mp3'>MAIA GIANNA AICHA<\/a><\/li><li><a href='https:\/\/diderot.ac.ke\/wp-content\/uploads\/2022\/11\/2V.CHRISTOPHER.mp3'>CHRISTOPHER<\/a><\/li>\t<\/ol>\n\t<\/noscript>\n\t<script type=\"application\/json\" class=\"wp-playlist-script\">{\"type\":\"audio\",\"tracklist\":true,\"tracknumbers\":true,\"images\":true,\"artists\":true,\"tracks\":[{\"src\":\"https:\/\/diderot.ac.ke\/wp-content\/uploads\/2022\/11\/22-VALENTINO-JOSHUA-ISKY.mp3\",\"type\":\"audio\/mpeg\",\"title\":\"VALENTINO JOSHUA ISKY\",\"caption\":\"\",\"description\":\"\\\"2,2 VALENTINO JOSHUA ISKY\\\".\",\"meta\":{\"length_formatted\":\"4:57\"},\"image\":{\"src\":\"https:\/\/diderot.ac.ke\/wp-content\/uploads\/2022\/12\/logopodcast.png\",\"width\":280,\"height\":240},\"thumb\":{\"src\":\"https:\/\/diderot.ac.ke\/wp-content\/uploads\/2022\/12\/logopodcast-150x150.png\",\"width\":150,\"height\":150}},{\"src\":\"https:\/\/diderot.ac.ke\/wp-content\/uploads\/2022\/11\/12-MAIA-GIANNA-AICHA.mp3\",\"type\":\"audio\/mpeg\",\"title\":\"MAIA GIANNA AICHA\",\"caption\":\"\",\"description\":\"\\\"1,2 MAIA GIANNA AICHA\\\".\",\"meta\":{\"length_formatted\":\"2:02\"},\"image\":{\"src\":\"https:\/\/diderot.ac.ke\/wp-content\/uploads\/2022\/12\/logopodcast.png\",\"width\":280,\"height\":240},\"thumb\":{\"src\":\"https:\/\/diderot.ac.ke\/wp-content\/uploads\/2022\/12\/logopodcast-150x150.png\",\"width\":150,\"height\":150}},{\"src\":\"https:\/\/diderot.ac.ke\/wp-content\/uploads\/2022\/11\/2V.CHRISTOPHER.mp3\",\"type\":\"audio\/mpeg\",\"title\":\"CHRISTOPHER\",\"caption\":\"\",\"description\":\"\\\"2V.CHRISTOPHER\\\".\",\"meta\":{\"length_formatted\":\"1:56\"},\"image\":{\"src\":\"https:\/\/diderot.ac.ke\/wp-content\/uploads\/2022\/12\/logopodcast.png\",\"width\":280,\"height\":240},\"thumb\":{\"src\":\"https:\/\/diderot.ac.ke\/wp-content\/uploads\/2022\/12\/logopodcast-150x150.png\",\"width\":150,\"height\":150}}]}<\/script>\n<\/div>\n\t\n[\/vc_column_text][\/vc_tta_section][vc_tta_section title=\u00a0\u00bbPodcasts 2021-2022&Prime; tab_id=\u00a0\u00bb1669041344472-f5b6bf84-e577&Prime;][vc_column_text animation=\u00a0\u00bbanimation bottom-to-top\u00a0\u00bb]\n<audio class=\"wp-audio-shortcode\" id=\"audio-2927-1\" preload=\"none\" style=\"width: 100%;\" controls=\"controls\"><source type=\"audio\/mpeg\" src=\"https:\/\/diderot.ac.ke\/wp-content\/uploads\/2022\/09\/Arthur.mp3?_=1\" \/><a href=\"https:\/\/diderot.ac.ke\/wp-content\/uploads\/2022\/09\/Arthur.mp3\">https:\/\/diderot.ac.ke\/wp-content\/uploads\/2022\/09\/Arthur.mp3<\/a><\/audio>\n<p><strong>Sujets abordes: <\/strong>Leonard de Vinci &#8211; Astronomie<\/p>\n<audio class=\"wp-audio-shortcode\" id=\"audio-2927-2\" preload=\"none\" style=\"width: 100%;\" controls=\"controls\"><source type=\"audio\/mpeg\" src=\"https:\/\/diderot.ac.ke\/wp-content\/uploads\/2022\/09\/Arianna-May.mp3?_=2\" \/><a href=\"https:\/\/diderot.ac.ke\/wp-content\/uploads\/2022\/09\/Arianna-May.mp3\">https:\/\/diderot.ac.ke\/wp-content\/uploads\/2022\/09\/Arianna-May.mp3<\/a><\/audio>\n<p><strong>Sujets abordes:<\/strong> Espace &#8211; cantine<\/p>\n<audio class=\"wp-audio-shortcode\" id=\"audio-2927-3\" preload=\"none\" style=\"width: 100%;\" controls=\"controls\"><source type=\"audio\/mpeg\" src=\"https:\/\/diderot.ac.ke\/wp-content\/uploads\/2022\/09\/Untitled-attachment-35227.mp3?_=3\" \/><a href=\"https:\/\/diderot.ac.ke\/wp-content\/uploads\/2022\/09\/Untitled-attachment-35227.mp3\">https:\/\/diderot.ac.ke\/wp-content\/uploads\/2022\/09\/Untitled-attachment-35227.mp3<\/a><\/audio>\n<p><strong>Sujets abordes: <\/strong>Livre &#8211; Dr Teju Baba<\/p>\n<audio class=\"wp-audio-shortcode\" id=\"audio-2927-4\" preload=\"none\" style=\"width: 100%;\" controls=\"controls\"><source type=\"audio\/mpeg\" src=\"https:\/\/diderot.ac.ke\/wp-content\/uploads\/2022\/09\/Ismail-Shawn-Amedo.mp3?_=4\" \/><a href=\"https:\/\/diderot.ac.ke\/wp-content\/uploads\/2022\/09\/Ismail-Shawn-Amedo.mp3\">https:\/\/diderot.ac.ke\/wp-content\/uploads\/2022\/09\/Ismail-Shawn-Amedo.mp3<\/a><\/audio>\n<p><strong>Sujets abordes: <\/strong>Livre &#8211; Astronomie<\/p>\n<audio class=\"wp-audio-shortcode\" id=\"audio-2927-5\" preload=\"none\" style=\"width: 100%;\" controls=\"controls\"><source type=\"audio\/mpeg\" src=\"https:\/\/diderot.ac.ke\/wp-content\/uploads\/2022\/09\/Anais-Rufus-Lea-Ysaure.mp3?_=5\" \/><a href=\"https:\/\/diderot.ac.ke\/wp-content\/uploads\/2022\/09\/Anais-Rufus-Lea-Ysaure.mp3\">https:\/\/diderot.ac.ke\/wp-content\/uploads\/2022\/09\/Anais-Rufus-Lea-Ysaure.mp3<\/a><\/audio>\n<p><strong>Sujets abordees<\/strong>: Livre &#8211; Systeme solaire<\/p>\n<audio class=\"wp-audio-shortcode\" id=\"audio-2927-6\" preload=\"none\" style=\"width: 100%;\" controls=\"controls\"><source type=\"audio\/mpeg\" src=\"https:\/\/diderot.ac.ke\/wp-content\/uploads\/2022\/09\/Yaya-Sami-Liam.mp3?_=6\" \/><a href=\"https:\/\/diderot.ac.ke\/wp-content\/uploads\/2022\/09\/Yaya-Sami-Liam.mp3\">https:\/\/diderot.ac.ke\/wp-content\/uploads\/2022\/09\/Yaya-Sami-Liam.mp3<\/a><\/audio>\n<p><strong>Sujets abordees<\/strong>: Vintz plastic- Citizen TV<\/p>\n[\/vc_column_text][\/vc_tta_section][\/vc_tta_accordion]\t<div id=\"thb-slidetype-69f3cf040595c\" class=\"thb-slidetype about-title\" data-style=\"style2\">\n\t\t\n<h2><span class=\"thb-slidetype-entry\"><span class=\"lines\">Podcasts du secondaire<\/span><\/span><\/h2>\n\t\t\t<\/div>\n\n\t[vc_column_text animation=\u00a0\u00bbanimation bottom-to-top\u00a0\u00bb]En cours de t\u00e9l\u00e9chargement&#8230;.[\/vc_column_text][\/vc_column][vc_column fixed=\u00a0\u00bbthb-fixed\u00a0\u00bb width=\u00a0\u00bb1\/3&Prime;][vc_widget_sidebar sidebar_id=\u00a0\u00bbcustom_widgets\u00a0\u00bb][\/vc_column][\/vc_row][\/vc_section]\n<\/div>","protected":false},"excerpt":{"rendered":"<p>[vc_row thb_full_width=\u00a0\u00bbtrue\u00a0\u00bb thb_row_padding=\u00a0\u00bbtrue\u00a0\u00bb thb_column_padding=\u00a0\u00bbtrue\u00a0\u00bb css=\u00a0\u00bb.vc_custom_1649018294996{padding-top: 7vh !important;padding-bottom: 7vh !important;background: #94a0ac url(https:\/\/diderot.ac.ke\/wp-content\/uploads\/2022\/04\/bg_radio1.jpg?id=2442) !important;background-position: center !important;background-repeat: no-repeat !important;background-size: cover !important;}\u00a0\u00bb][vc_column][vc_row_inner][vc_column_inner thb_color=\u00a0\u00bbthb-light-column\u00a0\u00bb offset=\u00a0\u00bbvc_col-lg-5 vc_col-md-7&Prime;][vc_empty_space height=\u00a0\u00bb12px\u00a0\u00bb][vc_column_text animation=\u00a0\u00bbanimation fade-in\u00a0\u00bb]Bienvenue sur Fr\u00e9quence Diderot, la webradio du Lyc\u00e9e Fran\u00e7ais Denis Diderot. [\/vc_column_text][\/vc_column_inner][\/vc_row_inner][\/vc_column][\/vc_row][vc_section css=\u00a0\u00bb.vc_custom_1645332509712{padding-top: 7vh !important;padding-bottom: 7vh !important;}\u00a0\u00bb][vc_row][vc_column width=\u00a0\u00bb2\/3&Prime;][vc_column_text animation=\u00a0\u00bbanimation bottom-to-top\u00a0\u00bb]Les \u00e9l\u00e8ves du primaire, du coll\u00e8ge et du lyc\u00e9e se transforment en reporters&hellip;<\/p>\n","protected":false},"author":1,"featured_media":0,"parent":0,"menu_order":0,"comment_status":"closed","ping_status":"closed","template":"page-default.php","meta":{"ngg_post_thumbnail":0,"footnotes":""},"class_list":["post-2927","page","type-page","status-publish","hentry"],"_links":{"self":[{"href":"https:\/\/diderot.ac.ke\/fr\/wp-json\/wp\/v2\/pages\/2927","targetHints":{"allow":["GET"]}}],"collection":[{"href":"https:\/\/diderot.ac.ke\/fr\/wp-json\/wp\/v2\/pages"}],"about":[{"href":"https:\/\/diderot.ac.ke\/fr\/wp-json\/wp\/v2\/types\/page"}],"author":[{"embeddable":true,"href":"https:\/\/diderot.ac.ke\/fr\/wp-json\/wp\/v2\/users\/1"}],"replies":[{"embeddable":true,"href":"https:\/\/diderot.ac.ke\/fr\/wp-json\/wp\/v2\/comments?post=2927"}],"version-history":[{"count":26,"href":"https:\/\/diderot.ac.ke\/fr\/wp-json\/wp\/v2\/pages\/2927\/revisions"}],"predecessor-version":[{"id":4987,"href":"https:\/\/diderot.ac.ke\/fr\/wp-json\/wp\/v2\/pages\/2927\/revisions\/4987"}],"wp:attachment":[{"href":"https:\/\/diderot.ac.ke\/fr\/wp-json\/wp\/v2\/media?parent=2927"}],"curies":[{"name":"wp","href":"https:\/\/api.w.org\/{rel}","templated":true}]}}