{"id":6811,"date":"2024-01-17T10:38:13","date_gmt":"2024-01-17T07:38:13","guid":{"rendered":"https:\/\/diderot.ac.ke\/?page_id=6811"},"modified":"2026-04-24T17:44:59","modified_gmt":"2026-04-24T14:44:59","slug":"recrutement","status":"publish","type":"page","link":"https:\/\/diderot.ac.ke\/fr\/recrutement\/","title":{"rendered":"Recrutement"},"content":{"rendered":"<div class=\"wpb-content-wrapper\">[vc_row thb_full_width=\u00a0\u00bbtrue\u00a0\u00bb thb_row_padding=\u00a0\u00bbtrue\u00a0\u00bb thb_column_padding=\u00a0\u00bbtrue\u00a0\u00bb css=\u00a0\u00bb.vc_custom_1649028180101{padding-top: 7vh !important;padding-bottom: 7vh !important;background: #94a0ac url(https:\/\/diderot.ac.ke\/wp-content\/uploads\/2022\/04\/bg_recruitment3.jpg?id=2498) !important;background-position: center !important;background-repeat: no-repeat !important;background-size: cover !important;}\u00a0\u00bb][vc_column][vc_row_inner][vc_column_inner thb_color=\u00a0\u00bbthb-light-column\u00a0\u00bb offset=\u00a0\u00bbvc_col-lg-5 vc_col-md-7&Prime;]\t<div id=\"thb-slidetype-6a047c385767a\" class=\"thb-slidetype \" data-style=\"style2\">\n\t\t\n<h1><span class=\"thb-slidetype-entry\"><span class=\"lines\">Recrutement<\/span><\/span><\/h1>\n\t\t\t<\/div>\n\n\t[\/vc_column_inner][\/vc_row_inner][\/vc_column][\/vc_row][vc_row][vc_column][vc_empty_space][vc_column_text]<span style=\"font-weight: 400;\">Le Lyc\u00e9e fran\u00e7ais international Denis Diderot, seul \u00e9tablissement du Kenya <span style=\"color: #000080;\">homologu\u00e9<\/span> par le Minist\u00e8re de l\u2019\u00c9ducation Nationale fran\u00e7ais, recherche, dans le cadre de son d\u00e9veloppement, des personnels pour des contrats AEFE de d\u00e9tach\u00e9 <\/span>ou des contrats locaux sur des postes d\u2019enseignements, d\u2019\u00e9ducation et d\u2019administration. <span style=\"font-weight: 400;\">Les contrats de d\u00e9tach\u00e9 s\u2019adressent aux enseignants titulaires de l\u2019\u00e9ducation nationale.&nbsp; Pour rappel : l\u2019AEFE met en \u0153uvre une politique d\u2019\u00e9galit\u00e9 professionnelle entre les hommes et les femmes.<\/span><\/p>\n<p><span style=\"font-weight: 400;\">L\u2019essentiel des recrutements se fait entre janvier et avril pour pr\u00e9parer l\u2019ann\u00e9e scolaire suivante. Des besoins peuvent cependant appara\u00eetre en cours d\u2019ann\u00e9e.<\/span><\/p>\n<p><span style=\"font-weight: 400;\">N\u2019h\u00e9sitez pas \u00e0 vous tenir inform\u00e9s des postes propos\u00e9s dans les diff\u00e9rentes cat\u00e9gories. Les candidatures spontan\u00e9es sont les bienvenues, l\u2019\u00e9tablissement s&rsquo;efforcera dans la mesure du possible de r\u00e9pondre aux candidats.<\/span>[\/vc_column_text][\/vc_column][\/vc_row][vc_row][vc_column width=\u00a0\u00bb1\/2&Prime;][vc_tta_accordion style=\u00a0\u00bbmodern\u00a0\u00bb color=\u00a0\u00bbpeacoc\u00a0\u00bb gap=\u00a0\u00bb15&Prime; c_position=\u00a0\u00bbright\u00a0\u00bb active_section=\u00a0\u00bb\u00a0\u00bb css=\u00a0\u00bb.vc_custom_1705476921666{background-color: #cccccc !important;}\u00a0\u00bb][vc_tta_section title=\u00a0\u00bbRECRUTEMENT D\u00c9TACH\u00c9 EN CONTRAT AEFE\u00a0\u00bb tab_id=\u00a0\u00bb1705398937106-f9e44d1d-a4b9&Prime;][vc_column_text css=\u00a0\u00bb\u00a0\u00bb]<span style=\"color: darkblue;\">S&rsquo;INFORMER<\/span><\/p>\n<ul>\n<li style=\"list-style-type: none;\">\n<ul>\n<li>Les <span style=\"color: #0000ff;\"><a style=\"color: #0000ff;\" href=\"https:\/\/aefe.gouv.fr\/fr\/recrutement\/recrutement-des-detaches-sur-missions-enseignement-education-administration\/conditions-et-modalites-de-candidature\" target=\"_blank\" rel=\"noopener\">conditions de candidature<\/a><\/span> de l&rsquo;<span style=\"font-weight: 400;\">AEFE<\/span><\/li>\n<li>La&nbsp;<span style=\"color: #0000ff;\"><a style=\"color: #0000ff;\" href=\"https:\/\/diderot.ac.ke\/wp-content\/uploads\/2025\/10\/2026-2027_note_information_candidats.pdf\" target=\"_blank\" rel=\"noopener\">note d&rsquo;information aux candidats<\/a><\/span><\/li>\n<li>Le <span style=\"color: #000080;\"><a style=\"color: #000080;\" href=\"https:\/\/diderot.ac.ke\/wp-content\/uploads\/2024\/01\/Bareme-CCPL-2024.pdf\" target=\"_blank\" rel=\"noopener\">bar\u00e8me CCPL 2026<\/a><\/span><\/li>\n<\/ul>\n<\/li>\n<\/ul>\n<p style=\"text-align: left;\"><span style=\"color: darkblue;\">COMMENT CANDIDATER :<\/span><\/p>\n<ul>\n<li style=\"list-style-type: none;\">\n<ul>\n<li style=\"list-style-type: none;\">\n<ul>\n<li style=\"font-weight: 400; text-align: justify;\" aria-level=\"1\"><span style=\"font-weight: 400;\">Pr\u00e9parer votre dossier en utilisant le dossier type de candidature propos\u00e9 par l\u2019AEFE : merci de <\/span><a href=\"https:\/\/diderot.ac.ke\/wp-content\/uploads\/2025\/10\/2026_dossier_candidature_0.docx\" target=\"_blank\" rel=\"noopener\"><span style=\"font-weight: 400;\"><span style=\"color: #0000ff;\">t\u00e9l\u00e9charger le document<\/span><\/span><\/a><span style=\"font-weight: 400;\"> et de le remplir m\u00e9ticuleusement.<\/span><\/li>\n<li style=\"font-weight: 400;\" aria-level=\"3\"><b>Pi\u00e8ces compl\u00e9mentaires<\/b><span style=\"font-weight: 400;\"> : certifications, documents attestant du parcours professionnel, de l\u2019exp\u00e9rience et du niveau de langue en anglais (par exemple : exp\u00e9rience UPE2A, arts, pilotage de projets, responsabilit\u00e9s de tuteur, de formateur, etc. \u2026).<\/span><\/li>\n<li style=\"font-weight: 400;\" aria-level=\"3\"><span style=\"font-weight: 400;\">Joindre tous les documents demand\u00e9s en un seul fichier au format PDF et le compresser si n\u00e9cessaire.&nbsp;<\/span><\/li>\n<li style=\"font-weight: 400;\" aria-level=\"3\"><span style=\"font-weight: 400;\">Nommer votre dossier de candidature : \u201cMati\u00e8re-Nom de famille\u201d, par exemple : Lettres-DURANT.<\/span><\/li>\n<li style=\"font-weight: 400;\" aria-level=\"3\"><span style=\"font-weight: 400;\">Avec un compte messagerie Gmail, remplir le formulaire en ligne d\u00e9di\u00e9 \u00e0 chaque poste.&nbsp;<\/span><\/li>\n<li style=\"font-weight: 400;\" aria-level=\"3\"><span style=\"font-weight: 400;\">Les candidatures transmises par e-mail ne seront pas \u00e9tudi\u00e9es.<\/span><\/li>\n<li style=\"font-weight: 400;\" aria-level=\"3\"><span style=\"font-weight: 400;\">Les dossiers incomplets ou hors d\u00e9lai ne seront pas \u00e9tudi\u00e9s. Sont consid\u00e9r\u00e9s comme incomplets les dossiers qui ne comprennent pas a minima toutes les pi\u00e8ces obligatoires.<\/span><\/li>\n<\/ul>\n<\/li>\n<\/ul>\n<\/li>\n<\/ul>\n<h5>&nbsp;<\/h5>\n<p>&nbsp;[\/vc_column_text][\/vc_tta_section][\/vc_tta_accordion][\/vc_column][vc_column width=\u00a0\u00bb1\/2&Prime;][vc_tta_accordion style=\u00a0\u00bbmodern\u00a0\u00bb color=\u00a0\u00bbpeacoc\u00a0\u00bb active_section=\u00a0\u00bb\u00a0\u00bb][vc_tta_section title=\u00a0\u00bbRECRUTEMENT LOCAL\u00a0\u00bb tab_id=\u00a0\u00bb1705399073865-f2464862-05ab\u00a0\u00bb][vc_column_text css=\u00a0\u00bb\u00a0\u00bb]\n<p data-start=\"172\" data-end=\"331\">Les contrats locaux s\u2019adressent aux personnels enseignants (titulaires ou non de l\u2019\u00c9ducation nationale), ainsi qu\u2019aux personnels d\u2019\u00e9ducation et administratifs.<\/p>\n<p data-start=\"333\" data-end=\"544\"><strong data-start=\"336\" data-end=\"351\"><span style=\"color: #ff0000;\">Important<\/span> :<\/strong> Certains postes doivent imp\u00e9rativement faire l\u2019objet d\u2019une candidature via la plateforme<a href=\"https:\/\/talents.aefe.fr\/fr\/annonces?bottom_right_lat=-4.724300005510948&amp;bottom_right_lon=41.9068687581284&amp;top_left_lat=5.033420935156272&amp;top_left_lon=33.90982105704337&amp;place_label=Kenya&amp;place_type=country\"><strong><span style=\"color: #000080;\"> <em data-start=\"441\" data-end=\"458\">talents.aefe.fr<\/em><\/span><\/strong><\/a>.<\/p>\n<p data-start=\"333\" data-end=\"544\">Merci de suivre, le cas \u00e9ch\u00e9ant, la proc\u00e9dure sp\u00e9cifique indiqu\u00e9e pour chaque poste.<\/p>\n<p style=\"text-align: left;\"><span style=\"color: darkblue;\">COMMENT CANDIDATER :<\/span><\/p>\n<p>Merci de constituer un dossier de candidature complet comprenant les pi\u00e8ces justificatives suivantes <span style=\"color: #000080;\">(<strong>tout dossier incomplet sera automatiquement \u00e9cart\u00e9<\/strong>)<\/span> :<\/p>\n<ul>\n<li>Lettre de motivation<\/li>\n<li>Curriculum Vitae (CV)<\/li>\n<li>Copies des dipl\u00f4mes et qualifications<\/li>\n<li>Copie du passeport<\/li>\n<li>Copies des rapports d\u2019inspection (le cas \u00e9ch\u00e9ant)<\/li>\n<\/ul>\n<p><strong>Pi\u00e8ces compl\u00e9mentaires (facultatives mais recommand\u00e9es) :<\/strong><br \/>\nCertifications et tout document attestant de votre parcours professionnel, de votre exp\u00e9rience et de votre niveau d\u2019anglais (exemples : exp\u00e9rience UPE2A, pratiques artistiques, pilotage de projets, missions de tutorat, de formation, etc.).<\/p>\n<p><strong>Modalit\u00e9s de candidature :<\/strong><\/p>\n<ul>\n<li style=\"list-style-type: none;\">\n<ul>\n<li style=\"list-style-type: none;\">\n<ul>\n<li>Regrouper l\u2019ensemble des documents demand\u00e9s dans un&nbsp;<strong>seul fichier PDF<\/strong>&nbsp;(\u00e0 compresser si n\u00e9cessaire).<\/li>\n<li>Nommer votre fichier comme suit :&nbsp;<strong>\u00ab Mati\u00e8re \u2013 Nom de famille \u00bb<\/strong>&nbsp;(exemple :&nbsp;<em>EPS \u2013 DURANT<\/em>).<\/li>\n<li>\u00c0 l\u2019aide d\u2019un&nbsp;<strong>compte Gmail<\/strong>, compl\u00e9ter le&nbsp;<strong>formulaire en ligne<\/strong>&nbsp;d\u00e9di\u00e9 \u00e0 chaque poste.<\/li>\n<li>Le t\u00e9l\u00e9chargement de votre dossier de candidature n\u2019est possible qu\u2019avec un compte Gmail.<\/li>\n<li><strong>Les candidatures transmises par e-mail ne seront pas \u00e9tudi\u00e9es.<\/strong><\/li>\n<\/ul>\n<\/li>\n<\/ul>\n<\/li>\n<\/ul>\n[\/vc_column_text][vc_separator color=\u00a0\u00bbblue\u00a0\u00bb align=\u00a0\u00bbalign_left\u00a0\u00bb style=\u00a0\u00bbshadow\u00a0\u00bb border_width=\u00a0\u00bb5&Prime; css=\u00a0\u00bb\u00a0\u00bb][vc_column_text css=\u00a0\u00bb\u00a0\u00bb]\n<h3><span style=\"color: #ff0000;\"><b>POSTES \u00c0 POURVOIR : Rentr\u00e9e 2026-2027<\/b><\/span><\/h3>\n<p><b>Poste(s) vacant(s) :<\/b><\/p>\n<ul>\n<li style=\"font-weight: 400;\" aria-level=\"1\"><span style=\"font-weight: 400;\">1 poste de professeur de <span style=\"color: #333399;\"><em><strong>Technologie Math\u00e9matiques<\/strong><\/em><\/span> &#8211; pour postuler : <\/span><a href=\"https:\/\/talents.aefe.fr\/fr\/annonce\/4329641-professeure-technologie-mathematiques-fh-kenya-nairobi-lfidd-nairobi\"><i><span style=\"font-weight: 400;\">Emploi talents.aefe.fr<\/span><\/i><\/a><i><span style=\"font-weight: 400;\"> <strong><span style=\"color: #ff0000;\">Date limite de d\u00e9p\u00f4t des candidatures: 15\/05\/2026&nbsp;<\/span><\/strong><\/span><\/i><\/li>\n<li aria-level=\"1\"><span style=\"font-weight: 400;\">1 poste de professeur de<span style=\"color: #333399;\"><em><strong> Sciences-Physiques<\/strong><\/em><\/span> &#8211; pour postuler : <\/span><a href=\"https:\/\/talents.aefe.fr\/fr\/annonce\/4329503-professeure-physique-chimie-fh-kenya-nairobi-lfidd-nairobi\"><i><span style=\"font-weight: 400;\">Emploi talents.aefe.fr<\/span><\/i><\/a> <span style=\"font-weight: 400;\"><strong><span style=\"color: #ff0000;\"><i>Date limite de d\u00e9p\u00f4t des candidatures: 15\/05\/2026&nbsp;<\/i><\/span><\/strong><\/span><\/li>\n<li aria-level=\"1\"><span style=\"font-weight: 400;\">1 poste de professeur de<span style=\"color: #333399;\"><em><strong> Philosophie-Lettres<\/strong> <\/em><\/span>&#8211; pour postuler :&nbsp; <\/span><a href=\"https:\/\/talents.aefe.fr\/fr\/annonce\/4329799-professeure-philosophie-lettres-fh-kenya-nairobi-lfidd-nairobi\"><i><span style=\"font-weight: 400;\">Emploi talents.aefe.fr&nbsp;<\/span><\/i><\/a> <span style=\"font-weight: 400;\"><strong><span style=\"color: #ff0000;\"><i>Date limite de d\u00e9p\u00f4t des candidatures: 15\/05\/2026&nbsp;<\/i><\/span><\/strong><\/span><\/li>\n<li aria-level=\"1\"><i><i><span style=\"font-weight: 400;\">1 poste de professeur <strong><span style=\"color: #000080;\">Documentaliste BCD<\/span><\/strong> &#8211; <\/span><\/i><\/i><span style=\"font-weight: 400;\">pour postuler<\/span><i><i><span style=\"font-weight: 400;\">: <\/span><\/i><\/i><i><\/i><a href=\"https:\/\/talents.aefe.fr\/fr\/annonce\/4339845-professeur-documentaliste-bcd-fh-kenya-nairobi-lfidd-nairobi\"><i><span style=\"font-weight: 400;\">Emploi talents.aefe.fr&nbsp;<\/span><\/i><\/a> &#8211; <strong><span style=\"color: #ff0000;\"><i>Date limite de d\u00e9p\u00f4t des candidatures: 10\/05\/2026&nbsp;<\/i><\/span><\/strong><\/li>\n<li aria-level=\"1\"><span style=\"font-weight: 400;\"><span style=\"font-weight: 400;\">1 poste de <em><strong><span style=\"color: #000080;\">Professeur des \u00c9coles<\/span><\/strong><\/em> \u00e0 mi-temps &#8211; pour postuler : <i><\/i><\/span><\/span><i><\/i><span style=\"font-weight: 400;\">&nbsp;<\/span><a href=\"https:\/\/talents.aefe.fr\/fr\/annonce\/4206455-professeur-des-ecoles-lycee-denis-diderot-nairobi-kenya-nairobi\"><span style=\"font-weight: 400;\">Emploi talents.aefe.fr&nbsp;<\/span><\/a>&#8211; <strong><span style=\"color: #ff0000;\"><i>Date limite de d\u00e9p\u00f4t des candidatures: 10\/05\/2026&nbsp;<\/i><\/span><\/strong><\/li>\n<\/ul>\n<p>&nbsp;<\/p>\n<ul>\n<li aria-level=\"1\"><span style=\"font-weight: 400;\">1 poste de professeur d\u2019<em><strong><span style=\"color: #000080;\">Anglais litt\u00e9rature <\/span><\/strong><\/em>: <a href=\"https:\/\/docs.google.com\/document\/d\/1E696fIGu7y0odMek3onxL56C6lgCR6di\/edit?usp=sharing&amp;ouid=117179259004305858912&amp;rtpof=true&amp;sd=true\">fiche de poste<\/a> &nbsp;&#8211; <a href=\"https:\/\/forms.gle\/SemqgFuYEPntg2CWA\">cliquez ici pour postuler<\/a> <strong><span style=\"color: #ff0000;\"><i>Date limite de d\u00e9p\u00f4t des candidatures: 15\/05\/2026&nbsp;<\/i><\/span><\/strong><\/span><\/li>\n<\/ul>\n[\/vc_column_text][vc_separator color=\u00a0\u00bbblue\u00a0\u00bb align=\u00a0\u00bbalign_left\u00a0\u00bb style=\u00a0\u00bbshadow\u00a0\u00bb border_width=\u00a0\u00bb5&Prime; css=\u00a0\u00bb\u00a0\u00bb][vc_column_text css=\u00a0\u00bb\u00a0\u00bb][\/vc_column_text][\/vc_tta_section][\/vc_tta_accordion][\/vc_column][\/vc_row]\n<\/div>","protected":false},"excerpt":{"rendered":"<p>[vc_row thb_full_width=\u00a0\u00bbtrue\u00a0\u00bb thb_row_padding=\u00a0\u00bbtrue\u00a0\u00bb thb_column_padding=\u00a0\u00bbtrue\u00a0\u00bb css=\u00a0\u00bb.vc_custom_1649028180101{padding-top: 7vh !important;padding-bottom: 7vh !important;background: #94a0ac url(https:\/\/diderot.ac.ke\/wp-content\/uploads\/2022\/04\/bg_recruitment3.jpg?id=2498) !important;background-position: center !important;background-repeat: no-repeat !important;background-size: cover !important;}\u00a0\u00bb][vc_column][vc_row_inner][vc_column_inner thb_color=\u00a0\u00bbthb-light-column\u00a0\u00bb offset=\u00a0\u00bbvc_col-lg-5 vc_col-md-7&Prime;][\/vc_column_inner][\/vc_row_inner][\/vc_column][\/vc_row][vc_row][vc_column][vc_empty_space][vc_column_text]Le Lyc\u00e9e fran\u00e7ais international Denis Diderot, seul \u00e9tablissement du Kenya homologu\u00e9 par le Minist\u00e8re de l\u2019\u00c9ducation Nationale fran\u00e7ais, recherche, dans le cadre de son d\u00e9veloppement, des personnels pour des contrats AEFE de d\u00e9tach\u00e9 ou des&hellip;<\/p>\n","protected":false},"author":11,"featured_media":0,"parent":0,"menu_order":0,"comment_status":"closed","ping_status":"closed","template":"page-default.php","meta":{"ngg_post_thumbnail":0,"footnotes":""},"class_list":["post-6811","page","type-page","status-publish","hentry"],"_links":{"self":[{"href":"https:\/\/diderot.ac.ke\/fr\/wp-json\/wp\/v2\/pages\/6811","targetHints":{"allow":["GET"]}}],"collection":[{"href":"https:\/\/diderot.ac.ke\/fr\/wp-json\/wp\/v2\/pages"}],"about":[{"href":"https:\/\/diderot.ac.ke\/fr\/wp-json\/wp\/v2\/types\/page"}],"author":[{"embeddable":true,"href":"https:\/\/diderot.ac.ke\/fr\/wp-json\/wp\/v2\/users\/11"}],"replies":[{"embeddable":true,"href":"https:\/\/diderot.ac.ke\/fr\/wp-json\/wp\/v2\/comments?post=6811"}],"version-history":[{"count":162,"href":"https:\/\/diderot.ac.ke\/fr\/wp-json\/wp\/v2\/pages\/6811\/revisions"}],"predecessor-version":[{"id":12829,"href":"https:\/\/diderot.ac.ke\/fr\/wp-json\/wp\/v2\/pages\/6811\/revisions\/12829"}],"wp:attachment":[{"href":"https:\/\/diderot.ac.ke\/fr\/wp-json\/wp\/v2\/media?parent=6811"}],"curies":[{"name":"wp","href":"https:\/\/api.w.org\/{rel}","templated":true}]}}